{"id":67817,"date":"2026-02-03T18:42:15","date_gmt":"2026-02-03T23:42:15","guid":{"rendered":"https:\/\/www.mango.org\/centro-investigacion-nutricion-profesional\/health-professional-newsletter\/"},"modified":"2026-03-27T13:42:41","modified_gmt":"2026-03-27T17:42:41","slug":"boletin-profesional-de-nutricion-y-salud-del-mango","status":"publish","type":"page","link":"https:\/\/www.mango.org\/es\/centro-investigacion-nutricion-profesional\/boletin-profesional-de-nutricion-y-salud-del-mango\/","title":{"rendered":"Bolet\u00edn Profesional de Nutrici\u00f3n y Salud del Mango"},"content":{"rendered":"<p>\u00danase a nuestro bolet\u00edn para profesionales de nutrici\u00f3n y salud para recibir las \u00faltimas investigaciones sobre el mango, herramientas y oportunidades de desarrollo profesional.<\/p>\n","protected":false},"excerpt":{"rendered":"<p>\u00danase a nuestro bolet\u00edn para profesionales de nutrici\u00f3n y salud para recibir las \u00faltimas investigaciones sobre el mango, herramientas y oportunidades de desarrollo profesional. [&#8230;]<\/p>\n<p><a class=\"btn btn-secondary understrap-read-more-link\" href=\"https:\/\/www.mango.org\/es\/centro-investigacion-nutricion-profesional\/boletin-profesional-de-nutricion-y-salud-del-mango\/\">Leer m\u00e1s&#8230;<span class=\"screen-reader-text\"> from Bolet\u00edn Profesional de Nutrici\u00f3n y Salud del Mango<\/span><\/a><\/p>\n","protected":false},"author":44,"featured_media":66677,"parent":67808,"menu_order":0,"comment_status":"closed","ping_status":"closed","template":"page-templates\/hub-template.php","meta":{"_acf_changed":false,"footnotes":""},"class_list":["post-67817","page","type-page","status-publish","has-post-thumbnail","hentry"],"acf":[],"_links":{"self":[{"href":"https:\/\/www.mango.org\/es\/wp-json\/wp\/v2\/pages\/67817","targetHints":{"allow":["GET"]}}],"collection":[{"href":"https:\/\/www.mango.org\/es\/wp-json\/wp\/v2\/pages"}],"about":[{"href":"https:\/\/www.mango.org\/es\/wp-json\/wp\/v2\/types\/page"}],"author":[{"embeddable":true,"href":"https:\/\/www.mango.org\/es\/wp-json\/wp\/v2\/users\/44"}],"replies":[{"embeddable":true,"href":"https:\/\/www.mango.org\/es\/wp-json\/wp\/v2\/comments?post=67817"}],"version-history":[{"count":0,"href":"https:\/\/www.mango.org\/es\/wp-json\/wp\/v2\/pages\/67817\/revisions"}],"up":[{"embeddable":true,"href":"https:\/\/www.mango.org\/es\/wp-json\/wp\/v2\/pages\/67808"}],"wp:featuredmedia":[{"embeddable":true,"href":"https:\/\/www.mango.org\/es\/wp-json\/wp\/v2\/media\/66677"}],"wp:attachment":[{"href":"https:\/\/www.mango.org\/es\/wp-json\/wp\/v2\/media?parent=67817"}],"curies":[{"name":"wp","href":"https:\/\/api.w.org\/{rel}","templated":true}]}}