{"id":67815,"date":"2025-08-13T17:53:51","date_gmt":"2025-08-13T21:53:51","guid":{"rendered":"https:\/\/www.mango.org\/mango-nutrition-health-research-program\/"},"modified":"2026-03-27T13:24:09","modified_gmt":"2026-03-27T17:24:09","slug":"investigacion-nutricion-salud-mango","status":"publish","type":"page","link":"https:\/\/www.mango.org\/es\/investigacion-nutricion-salud-mango\/","title":{"rendered":"MR &#8211; Programa de Investigaci\u00f3n sobre Nutrici\u00f3n y Salud del Mango"},"content":{"rendered":"<p>El Programa de Investigaci\u00f3n en Nutrici\u00f3n y Salud del Mango promueve la compresi\u00f3n de los nutrientes del mango y sus posibles beneficios para la salud, respaldado por medio de una ciencia de nutrici\u00f3n independiente y de alta calidad. Nuestro programa contin\u00faa contribuyendo a construir una base s\u00f3lida y confiable respecto al papel del mango que fomenta el bienestar.<\/p>\n","protected":false},"excerpt":{"rendered":"<p>El Programa de Investigaci\u00f3n en Nutrici\u00f3n y Salud del Mango promueve la compresi\u00f3n de los nutrientes del mango y sus posibles beneficios para la salud, respaldado por medio de una [&#8230;]<\/p>\n<p><a class=\"btn btn-secondary understrap-read-more-link\" href=\"https:\/\/www.mango.org\/es\/investigacion-nutricion-salud-mango\/\">Leer m\u00e1s&#8230;<span class=\"screen-reader-text\"> from MR &#8211; Programa de Investigaci\u00f3n sobre Nutrici\u00f3n y Salud del Mango<\/span><\/a><\/p>\n","protected":false},"author":44,"featured_media":66664,"parent":0,"menu_order":0,"comment_status":"closed","ping_status":"closed","template":"page-templates\/hub-template.php","meta":{"_acf_changed":false,"footnotes":""},"class_list":["post-67815","page","type-page","status-publish","has-post-thumbnail","hentry"],"acf":[],"_links":{"self":[{"href":"https:\/\/www.mango.org\/es\/wp-json\/wp\/v2\/pages\/67815","targetHints":{"allow":["GET"]}}],"collection":[{"href":"https:\/\/www.mango.org\/es\/wp-json\/wp\/v2\/pages"}],"about":[{"href":"https:\/\/www.mango.org\/es\/wp-json\/wp\/v2\/types\/page"}],"author":[{"embeddable":true,"href":"https:\/\/www.mango.org\/es\/wp-json\/wp\/v2\/users\/44"}],"replies":[{"embeddable":true,"href":"https:\/\/www.mango.org\/es\/wp-json\/wp\/v2\/comments?post=67815"}],"version-history":[{"count":0,"href":"https:\/\/www.mango.org\/es\/wp-json\/wp\/v2\/pages\/67815\/revisions"}],"wp:featuredmedia":[{"embeddable":true,"href":"https:\/\/www.mango.org\/es\/wp-json\/wp\/v2\/media\/66664"}],"wp:attachment":[{"href":"https:\/\/www.mango.org\/es\/wp-json\/wp\/v2\/media?parent=67815"}],"curies":[{"name":"wp","href":"https:\/\/api.w.org\/{rel}","templated":true}]}}