{"id":67813,"date":"2025-08-14T18:46:55","date_gmt":"2025-08-14T22:46:55","guid":{"rendered":"https:\/\/www.mango.org\/nutrition-professional-resources\/"},"modified":"2026-03-27T12:55:08","modified_gmt":"2026-03-27T16:55:08","slug":"recursos-profesionales-nutricion","status":"publish","type":"page","link":"https:\/\/www.mango.org\/es\/recursos-profesionales-nutricion\/","title":{"rendered":"MR &#8211; Recursos Profesionales Sobre La Nutrici\u00f3n del Mango"},"content":{"rendered":"<p>Descubre los recursos acerca de la salud y el mango, incluyendo materiales listos para compartir, cursos de educaci\u00f3n continua y otras herramientas, todos enfocados en la nutrici\u00f3n natural y revitalizante que ofrece el mango, as\u00ed como sus beneficios para el bienestar de sus consumidores.<\/p>\n","protected":false},"excerpt":{"rendered":"<p>Descubre los recursos acerca de la salud y el mango, incluyendo materiales listos para compartir, cursos de educaci\u00f3n continua y otras herramientas, todos enfocados en la nutrici\u00f3n natural y revitalizante [&#8230;]<\/p>\n<p><a class=\"btn btn-secondary understrap-read-more-link\" href=\"https:\/\/www.mango.org\/es\/recursos-profesionales-nutricion\/\">Leer m\u00e1s&#8230;<span class=\"screen-reader-text\"> from MR &#8211; Recursos Profesionales Sobre La Nutrici\u00f3n del Mango<\/span><\/a><\/p>\n","protected":false},"author":44,"featured_media":66670,"parent":0,"menu_order":0,"comment_status":"closed","ping_status":"closed","template":"page-templates\/hub-template.php","meta":{"_acf_changed":false,"footnotes":""},"class_list":["post-67813","page","type-page","status-publish","has-post-thumbnail","hentry"],"acf":[],"_links":{"self":[{"href":"https:\/\/www.mango.org\/es\/wp-json\/wp\/v2\/pages\/67813","targetHints":{"allow":["GET"]}}],"collection":[{"href":"https:\/\/www.mango.org\/es\/wp-json\/wp\/v2\/pages"}],"about":[{"href":"https:\/\/www.mango.org\/es\/wp-json\/wp\/v2\/types\/page"}],"author":[{"embeddable":true,"href":"https:\/\/www.mango.org\/es\/wp-json\/wp\/v2\/users\/44"}],"replies":[{"embeddable":true,"href":"https:\/\/www.mango.org\/es\/wp-json\/wp\/v2\/comments?post=67813"}],"version-history":[{"count":0,"href":"https:\/\/www.mango.org\/es\/wp-json\/wp\/v2\/pages\/67813\/revisions"}],"wp:featuredmedia":[{"embeddable":true,"href":"https:\/\/www.mango.org\/es\/wp-json\/wp\/v2\/media\/66670"}],"wp:attachment":[{"href":"https:\/\/www.mango.org\/es\/wp-json\/wp\/v2\/media?parent=67813"}],"curies":[{"name":"wp","href":"https:\/\/api.w.org\/{rel}","templated":true}]}}