{"id":67808,"date":"2025-08-13T14:39:20","date_gmt":"2025-08-13T18:39:20","guid":{"rendered":"https:\/\/www.mango.org\/nutrition-professional-research-hub\/"},"modified":"2026-03-27T13:43:38","modified_gmt":"2026-03-27T17:43:38","slug":"centro-investigacion-nutricion-profesional","status":"publish","type":"page","link":"https:\/\/www.mango.org\/es\/centro-investigacion-nutricion-profesional\/","title":{"rendered":"Centro de Investigaci\u00f3n y Profesionales de la Nutrici\u00f3n"},"content":{"rendered":"<p>Este centro re\u00fane informaci\u00f3n confiable sobre la nutrici\u00f3n y el bienestar, recursos pr\u00e1cticos y oportunidades para avanzar en la ciencia del mango y su papel en la mejora de la salud y el bienestar de los consumidores. Dise\u00f1ado para profesionales de la salud e investigadores, ofrece recursos listos para compartir y los \u00faltimos avances en la ciencia de la nutrici\u00f3n para explorar y difundir los beneficios naturales del mango.<\/p>\n","protected":false},"excerpt":{"rendered":"<p>Este centro re\u00fane informaci\u00f3n confiable sobre la nutrici\u00f3n y el bienestar, recursos pr\u00e1cticos y oportunidades para avanzar en la ciencia del mango y su papel en la mejora de la [&#8230;]<\/p>\n<p><a class=\"btn btn-secondary understrap-read-more-link\" href=\"https:\/\/www.mango.org\/es\/centro-investigacion-nutricion-profesional\/\">Leer m\u00e1s&#8230;<span class=\"screen-reader-text\"> from Centro de Investigaci\u00f3n y Profesionales de la Nutrici\u00f3n<\/span><\/a><\/p>\n","protected":false},"author":44,"featured_media":66647,"parent":0,"menu_order":0,"comment_status":"closed","ping_status":"closed","template":"page-templates\/hub-template.php","meta":{"_acf_changed":false,"footnotes":""},"class_list":["post-67808","page","type-page","status-publish","has-post-thumbnail","hentry"],"acf":[],"_links":{"self":[{"href":"https:\/\/www.mango.org\/es\/wp-json\/wp\/v2\/pages\/67808","targetHints":{"allow":["GET"]}}],"collection":[{"href":"https:\/\/www.mango.org\/es\/wp-json\/wp\/v2\/pages"}],"about":[{"href":"https:\/\/www.mango.org\/es\/wp-json\/wp\/v2\/types\/page"}],"author":[{"embeddable":true,"href":"https:\/\/www.mango.org\/es\/wp-json\/wp\/v2\/users\/44"}],"replies":[{"embeddable":true,"href":"https:\/\/www.mango.org\/es\/wp-json\/wp\/v2\/comments?post=67808"}],"version-history":[{"count":0,"href":"https:\/\/www.mango.org\/es\/wp-json\/wp\/v2\/pages\/67808\/revisions"}],"wp:featuredmedia":[{"embeddable":true,"href":"https:\/\/www.mango.org\/es\/wp-json\/wp\/v2\/media\/66647"}],"wp:attachment":[{"href":"https:\/\/www.mango.org\/es\/wp-json\/wp\/v2\/media?parent=67808"}],"curies":[{"name":"wp","href":"https:\/\/api.w.org\/{rel}","templated":true}]}}