{"id":67722,"date":"2025-07-16T12:25:09","date_gmt":"2025-07-16T16:25:09","guid":{"rendered":"https:\/\/www.mango.org\/back-to-school\/"},"modified":"2026-03-06T20:07:20","modified_gmt":"2026-03-07T01:07:20","slug":"regreso-a-clases","status":"publish","type":"page","link":"https:\/\/www.mango.org\/es\/regreso-a-clases\/","title":{"rendered":"Regreso a Clases"},"content":{"rendered":"<p>El regreso a clases es una \u00e9poca de nuevos comienzos y decisiones inteligentes. Los mangos ofrecen una forma deliciosa y nutritiva de darles a los ni\u00f1os el impulso que necesitan para empezar el nuevo a\u00f1o escolar con \u00e9xito<\/p>\n","protected":false},"excerpt":{"rendered":"<p>El regreso a clases es una \u00e9poca de nuevos comienzos y decisiones inteligentes. Los mangos ofrecen una forma deliciosa y nutritiva de darles a los ni\u00f1os el impulso que necesitan [&#8230;]<\/p>\n<p><a class=\"btn btn-secondary understrap-read-more-link\" href=\"https:\/\/www.mango.org\/es\/regreso-a-clases\/\">Leer m\u00e1s&#8230;<span class=\"screen-reader-text\"> from Regreso a Clases<\/span><\/a><\/p>\n","protected":false},"author":45,"featured_media":66213,"parent":0,"menu_order":0,"comment_status":"closed","ping_status":"closed","template":"page-templates\/hub-template.php","meta":{"_acf_changed":false,"footnotes":""},"class_list":["post-67722","page","type-page","status-publish","has-post-thumbnail","hentry"],"acf":[],"_links":{"self":[{"href":"https:\/\/www.mango.org\/es\/wp-json\/wp\/v2\/pages\/67722","targetHints":{"allow":["GET"]}}],"collection":[{"href":"https:\/\/www.mango.org\/es\/wp-json\/wp\/v2\/pages"}],"about":[{"href":"https:\/\/www.mango.org\/es\/wp-json\/wp\/v2\/types\/page"}],"author":[{"embeddable":true,"href":"https:\/\/www.mango.org\/es\/wp-json\/wp\/v2\/users\/45"}],"replies":[{"embeddable":true,"href":"https:\/\/www.mango.org\/es\/wp-json\/wp\/v2\/comments?post=67722"}],"version-history":[{"count":0,"href":"https:\/\/www.mango.org\/es\/wp-json\/wp\/v2\/pages\/67722\/revisions"}],"wp:featuredmedia":[{"embeddable":true,"href":"https:\/\/www.mango.org\/es\/wp-json\/wp\/v2\/media\/66213"}],"wp:attachment":[{"href":"https:\/\/www.mango.org\/es\/wp-json\/wp\/v2\/media?parent=67722"}],"curies":[{"name":"wp","href":"https:\/\/api.w.org\/{rel}","templated":true}]}}