{"id":67721,"date":"2025-09-05T14:56:09","date_gmt":"2025-09-05T18:56:09","guid":{"rendered":"https:\/\/www.mango.org\/fall\/"},"modified":"2026-03-06T19:57:43","modified_gmt":"2026-03-07T00:57:43","slug":"otono","status":"publish","type":"page","link":"https:\/\/www.mango.org\/es\/otono\/","title":{"rendered":"Oto\u00f1o"},"content":{"rendered":"<p class=\"p1\">\u00bfQuieres disfrutar a\u00fan m\u00e1s del oto\u00f1o? Dale un toque de mango a cada ocasi\u00f3n. Atr\u00e9vete a agregarle mango al guacamole que vas a preparar para el partido deportivo. Disfruta de preparar un parfait de yogurt con mango en Halloween. Enam\u00f3rate del pay de mango en la noche de Acci\u00f3n de Gracias. Las posibilidades son infinitas. As\u00ed que adelante, \u00a1enam\u00f3rate del mango!<\/p>\n","protected":false},"excerpt":{"rendered":"<p>\u00bfQuieres disfrutar a\u00fan m\u00e1s del oto\u00f1o? Dale un toque de mango a cada ocasi\u00f3n. Atr\u00e9vete a agregarle mango al guacamole que vas a preparar para el partido deportivo. Disfruta de [&#8230;]<\/p>\n<p><a class=\"btn btn-secondary understrap-read-more-link\" href=\"https:\/\/www.mango.org\/es\/otono\/\">Leer m\u00e1s&#8230;<span class=\"screen-reader-text\"> from Oto\u00f1o<\/span><\/a><\/p>\n","protected":false},"author":46,"featured_media":66731,"parent":0,"menu_order":0,"comment_status":"closed","ping_status":"closed","template":"page-templates\/hub-template.php","meta":{"_acf_changed":false,"footnotes":""},"class_list":["post-67721","page","type-page","status-publish","has-post-thumbnail","hentry"],"acf":[],"_links":{"self":[{"href":"https:\/\/www.mango.org\/es\/wp-json\/wp\/v2\/pages\/67721","targetHints":{"allow":["GET"]}}],"collection":[{"href":"https:\/\/www.mango.org\/es\/wp-json\/wp\/v2\/pages"}],"about":[{"href":"https:\/\/www.mango.org\/es\/wp-json\/wp\/v2\/types\/page"}],"author":[{"embeddable":true,"href":"https:\/\/www.mango.org\/es\/wp-json\/wp\/v2\/users\/46"}],"replies":[{"embeddable":true,"href":"https:\/\/www.mango.org\/es\/wp-json\/wp\/v2\/comments?post=67721"}],"version-history":[{"count":0,"href":"https:\/\/www.mango.org\/es\/wp-json\/wp\/v2\/pages\/67721\/revisions"}],"wp:featuredmedia":[{"embeddable":true,"href":"https:\/\/www.mango.org\/es\/wp-json\/wp\/v2\/media\/66731"}],"wp:attachment":[{"href":"https:\/\/www.mango.org\/es\/wp-json\/wp\/v2\/media?parent=67721"}],"curies":[{"name":"wp","href":"https:\/\/api.w.org\/{rel}","templated":true}]}}