{"id":67719,"date":"2025-11-05T11:57:14","date_gmt":"2025-11-05T16:57:14","guid":{"rendered":"https:\/\/www.mango.org\/holiday\/"},"modified":"2026-03-05T18:16:10","modified_gmt":"2026-03-05T23:16:10","slug":"pagina-de-campana-navidena","status":"publish","type":"page","link":"https:\/\/www.mango.org\/es\/pagina-de-campana-navidena\/","title":{"rendered":"P\u00e1gina de Campa\u00f1\u00e1 Navide\u00f1a"},"content":{"rendered":"<p>Disfruta de estas fiestas con mango. El mango hace que cada momento sea m\u00e1s divertido y delicioso. Disfruta de un reconfortante ponche con mango junto a la chimenea. Hornea unas galletas de jengibre con mango, \u00a1a todos les encantan! Celebra el a\u00f1o nuevo con un Prosecco y agrega nieve de mango. Con mango, las fiestas se sienten m\u00e1s alegres, m\u00e1s sabrosas y siempre vale la pena celebrarlas junto con las personas queridas.<\/p>\n","protected":false},"excerpt":{"rendered":"<p>Disfruta de estas fiestas con mango. El mango hace que cada momento sea m\u00e1s divertido y delicioso. Disfruta de un reconfortante ponche con mango junto a la chimenea. Hornea unas [&#8230;]<\/p>\n<p><a class=\"btn btn-secondary understrap-read-more-link\" href=\"https:\/\/www.mango.org\/es\/pagina-de-campana-navidena\/\">Leer m\u00e1s&#8230;<span class=\"screen-reader-text\"> from P\u00e1gina de Campa\u00f1\u00e1 Navide\u00f1a<\/span><\/a><\/p>\n","protected":false},"author":46,"featured_media":67106,"parent":0,"menu_order":0,"comment_status":"closed","ping_status":"closed","template":"page-templates\/hub-template.php","meta":{"_acf_changed":false,"footnotes":""},"class_list":["post-67719","page","type-page","status-publish","has-post-thumbnail","hentry"],"acf":[],"_links":{"self":[{"href":"https:\/\/www.mango.org\/es\/wp-json\/wp\/v2\/pages\/67719","targetHints":{"allow":["GET"]}}],"collection":[{"href":"https:\/\/www.mango.org\/es\/wp-json\/wp\/v2\/pages"}],"about":[{"href":"https:\/\/www.mango.org\/es\/wp-json\/wp\/v2\/types\/page"}],"author":[{"embeddable":true,"href":"https:\/\/www.mango.org\/es\/wp-json\/wp\/v2\/users\/46"}],"replies":[{"embeddable":true,"href":"https:\/\/www.mango.org\/es\/wp-json\/wp\/v2\/comments?post=67719"}],"version-history":[{"count":0,"href":"https:\/\/www.mango.org\/es\/wp-json\/wp\/v2\/pages\/67719\/revisions"}],"wp:featuredmedia":[{"embeddable":true,"href":"https:\/\/www.mango.org\/es\/wp-json\/wp\/v2\/media\/67106"}],"wp:attachment":[{"href":"https:\/\/www.mango.org\/es\/wp-json\/wp\/v2\/media?parent=67719"}],"curies":[{"name":"wp","href":"https:\/\/api.w.org\/{rel}","templated":true}]}}