{"id":67717,"date":"2025-07-28T17:28:06","date_gmt":"2025-07-28T21:28:06","guid":{"rendered":"https:\/\/www.mango.org\/industria-del-mango\/extension-meetings\/"},"modified":"2026-03-05T17:58:59","modified_gmt":"2026-03-05T22:58:59","slug":"extension-meetings","status":"publish","type":"page","link":"https:\/\/www.mango.org\/es\/industria-del-mango\/extension-meetings\/","title":{"rendered":"Presentaciones de Reuniones de Extensi\u00f3n"},"content":{"rendered":"<p>Las reuniones de extensi\u00f3n son herramientas esenciales para compartir conocimientos basados en las investigaciones de mercado. Con ra\u00edces en el sistema universitario de concesi\u00f3n de tierras, estas reuniones buscan mejorar la vida de las personas con soluciones pr\u00e1cticas.<\/p>\n","protected":false},"excerpt":{"rendered":"<p>Las reuniones de extensi\u00f3n son herramientas esenciales para compartir conocimientos basados en las investigaciones de mercado. Con ra\u00edces en el sistema universitario de concesi\u00f3n de tierras, estas reuniones buscan mejorar [&#8230;]<\/p>\n<p><a class=\"btn btn-secondary understrap-read-more-link\" href=\"https:\/\/www.mango.org\/es\/industria-del-mango\/extension-meetings\/\">Leer m\u00e1s&#8230;<span class=\"screen-reader-text\"> from Presentaciones de Reuniones de Extensi\u00f3n<\/span><\/a><\/p>\n","protected":false},"author":45,"featured_media":66369,"parent":63198,"menu_order":0,"comment_status":"closed","ping_status":"closed","template":"page-templates\/hub-template.php","meta":{"_acf_changed":false,"footnotes":""},"class_list":["post-67717","page","type-page","status-publish","has-post-thumbnail","hentry"],"acf":[],"_links":{"self":[{"href":"https:\/\/www.mango.org\/es\/wp-json\/wp\/v2\/pages\/67717","targetHints":{"allow":["GET"]}}],"collection":[{"href":"https:\/\/www.mango.org\/es\/wp-json\/wp\/v2\/pages"}],"about":[{"href":"https:\/\/www.mango.org\/es\/wp-json\/wp\/v2\/types\/page"}],"author":[{"embeddable":true,"href":"https:\/\/www.mango.org\/es\/wp-json\/wp\/v2\/users\/45"}],"replies":[{"embeddable":true,"href":"https:\/\/www.mango.org\/es\/wp-json\/wp\/v2\/comments?post=67717"}],"version-history":[{"count":0,"href":"https:\/\/www.mango.org\/es\/wp-json\/wp\/v2\/pages\/67717\/revisions"}],"up":[{"embeddable":true,"href":"https:\/\/www.mango.org\/es\/wp-json\/wp\/v2\/pages\/63198"}],"wp:featuredmedia":[{"embeddable":true,"href":"https:\/\/www.mango.org\/es\/wp-json\/wp\/v2\/media\/66369"}],"wp:attachment":[{"href":"https:\/\/www.mango.org\/es\/wp-json\/wp\/v2\/media?parent=67717"}],"curies":[{"name":"wp","href":"https:\/\/api.w.org\/{rel}","templated":true}]}}