{"id":67686,"date":"2026-02-25T14:00:04","date_gmt":"2026-02-25T19:00:04","guid":{"rendered":"https:\/\/www.mango.org\/venta-minorista\/point-of-sale-materials-2026-cinco\/"},"modified":"2026-04-06T14:48:02","modified_gmt":"2026-04-06T18:48:02","slug":"point-of-sale-materials-2026-cinco","status":"publish","type":"page","link":"https:\/\/www.mango.org\/es\/venta-minorista\/point-of-sale-materials-2026-cinco\/","title":{"rendered":"Point of Sale Materials &#8211; Cinco de Mango"},"content":{"rendered":"<p>Descargue los materiales actuales de POS directamente aqu\u00ed o complete el formulario de pedido a continuaci\u00f3n para que nuestro equipo los imprima y los env\u00ede a su ubicaci\u00f3n.<\/p>\n","protected":false},"excerpt":{"rendered":"<p>Descargue los materiales actuales de POS directamente aqu\u00ed o complete el formulario de pedido a continuaci\u00f3n para que nuestro equipo los imprima y los env\u00ede a su ubicaci\u00f3n. [&#8230;]<\/p>\n<p><a class=\"btn btn-secondary understrap-read-more-link\" href=\"https:\/\/www.mango.org\/es\/venta-minorista\/point-of-sale-materials-2026-cinco\/\">Leer m\u00e1s&#8230;<span class=\"screen-reader-text\"> from Point of Sale Materials &#8211; Cinco de Mango<\/span><\/a><\/p>\n","protected":false},"author":46,"featured_media":67687,"parent":43892,"menu_order":0,"comment_status":"closed","ping_status":"closed","template":"page-templates\/hub-template.php","meta":{"_acf_changed":false,"footnotes":""},"class_list":["post-67686","page","type-page","status-publish","has-post-thumbnail","hentry"],"acf":[],"_links":{"self":[{"href":"https:\/\/www.mango.org\/es\/wp-json\/wp\/v2\/pages\/67686","targetHints":{"allow":["GET"]}}],"collection":[{"href":"https:\/\/www.mango.org\/es\/wp-json\/wp\/v2\/pages"}],"about":[{"href":"https:\/\/www.mango.org\/es\/wp-json\/wp\/v2\/types\/page"}],"author":[{"embeddable":true,"href":"https:\/\/www.mango.org\/es\/wp-json\/wp\/v2\/users\/46"}],"replies":[{"embeddable":true,"href":"https:\/\/www.mango.org\/es\/wp-json\/wp\/v2\/comments?post=67686"}],"version-history":[{"count":0,"href":"https:\/\/www.mango.org\/es\/wp-json\/wp\/v2\/pages\/67686\/revisions"}],"up":[{"embeddable":true,"href":"https:\/\/www.mango.org\/es\/wp-json\/wp\/v2\/pages\/43892"}],"wp:featuredmedia":[{"embeddable":true,"href":"https:\/\/www.mango.org\/es\/wp-json\/wp\/v2\/media\/67687"}],"wp:attachment":[{"href":"https:\/\/www.mango.org\/es\/wp-json\/wp\/v2\/media?parent=67686"}],"curies":[{"name":"wp","href":"https:\/\/api.w.org\/{rel}","templated":true}]}}