{"id":67561,"date":"2025-03-21T09:50:52","date_gmt":"2025-03-21T13:50:52","guid":{"rendered":"https:\/\/www.mango.org\/cinco\/"},"modified":"2026-02-20T14:50:23","modified_gmt":"2026-02-20T19:50:23","slug":"cinco","status":"publish","type":"page","link":"https:\/\/www.mango.org\/es\/cinco\/","title":{"rendered":"Cinco de Mango"},"content":{"rendered":"<p class=\"p1\">Cinco de Mayo, o como nos gusta llamarlo, Cinco de Mango\u2014 es tu excusa perfecta para darte un fest\u00edn de tacos, guacamole, margaritas \u2013 \u00a1y mangos! Este a\u00f1o, invitamos a los amantes del mango a \u00a1Llevar Alegr\u00eda a Cada Fiesta! Ya sean bebidas despu\u00e9s del trabajo o una gran fiesta, estas recetas irresistibles mantienen la celebraci\u00f3n en marcha.<\/p>\n","protected":false},"excerpt":{"rendered":"<p>Cinco de Mayo, o como nos gusta llamarlo, Cinco de Mango\u2014 es tu excusa perfecta para darte un fest\u00edn de tacos, guacamole, margaritas \u2013 \u00a1y mangos! Este a\u00f1o, invitamos a [&#8230;]<\/p>\n<p><a class=\"btn btn-secondary understrap-read-more-link\" href=\"https:\/\/www.mango.org\/es\/cinco\/\">Leer m\u00e1s&#8230;<span class=\"screen-reader-text\"> from Cinco de Mango<\/span><\/a><\/p>\n","protected":false},"author":45,"featured_media":67677,"parent":0,"menu_order":0,"comment_status":"closed","ping_status":"closed","template":"page-templates\/hub-template.php","meta":{"_acf_changed":false,"footnotes":""},"class_list":["post-67561","page","type-page","status-publish","has-post-thumbnail","hentry"],"acf":[],"_links":{"self":[{"href":"https:\/\/www.mango.org\/es\/wp-json\/wp\/v2\/pages\/67561","targetHints":{"allow":["GET"]}}],"collection":[{"href":"https:\/\/www.mango.org\/es\/wp-json\/wp\/v2\/pages"}],"about":[{"href":"https:\/\/www.mango.org\/es\/wp-json\/wp\/v2\/types\/page"}],"author":[{"embeddable":true,"href":"https:\/\/www.mango.org\/es\/wp-json\/wp\/v2\/users\/45"}],"replies":[{"embeddable":true,"href":"https:\/\/www.mango.org\/es\/wp-json\/wp\/v2\/comments?post=67561"}],"version-history":[{"count":0,"href":"https:\/\/www.mango.org\/es\/wp-json\/wp\/v2\/pages\/67561\/revisions"}],"wp:featuredmedia":[{"embeddable":true,"href":"https:\/\/www.mango.org\/es\/wp-json\/wp\/v2\/media\/67677"}],"wp:attachment":[{"href":"https:\/\/www.mango.org\/es\/wp-json\/wp\/v2\/media?parent=67561"}],"curies":[{"name":"wp","href":"https:\/\/api.w.org\/{rel}","templated":true}]}}