{"id":67407,"date":"2026-01-08T12:09:02","date_gmt":"2026-01-08T17:09:02","guid":{"rendered":"https:\/\/www.mango.org\/?page_id=67407"},"modified":"2026-01-08T12:09:50","modified_gmt":"2026-01-08T17:09:50","slug":"materiales-de-punto-de-venta-ano-nuevo","status":"publish","type":"page","link":"https:\/\/www.mango.org\/es\/venta-minorista\/materiales-de-punto-de-venta-ano-nuevo\/","title":{"rendered":"Materiales de punto de venta &#8211; A\u00f1o Nuevo"},"content":{"rendered":"<p>Descargue los materiales actuales del punto de venta directamente aqu\u00ed o complete el formulario de pedido a continuaci\u00f3n para que nuestro equipo los imprima y los env\u00ede a su ubicaci\u00f3n. Encuentra materiales perennes aqu\u00ed.<\/p>\n","protected":false},"excerpt":{"rendered":"<p>Descargue los materiales actuales del punto de venta directamente aqu\u00ed o complete el formulario de pedido a continuaci\u00f3n para que nuestro equipo los imprima y los env\u00ede a su ubicaci\u00f3n. [&#8230;]<\/p>\n<p><a class=\"btn btn-secondary understrap-read-more-link\" href=\"https:\/\/www.mango.org\/es\/venta-minorista\/materiales-de-punto-de-venta-ano-nuevo\/\">Leer m\u00e1s&#8230;<span class=\"screen-reader-text\"> from Materiales de punto de venta &#8211; A\u00f1o Nuevo<\/span><\/a><\/p>\n","protected":false},"author":45,"featured_media":66867,"parent":43892,"menu_order":0,"comment_status":"closed","ping_status":"closed","template":"page-templates\/hub-template.php","meta":{"_acf_changed":false,"footnotes":""},"class_list":["post-67407","page","type-page","status-publish","has-post-thumbnail","hentry"],"acf":[],"_links":{"self":[{"href":"https:\/\/www.mango.org\/es\/wp-json\/wp\/v2\/pages\/67407","targetHints":{"allow":["GET"]}}],"collection":[{"href":"https:\/\/www.mango.org\/es\/wp-json\/wp\/v2\/pages"}],"about":[{"href":"https:\/\/www.mango.org\/es\/wp-json\/wp\/v2\/types\/page"}],"author":[{"embeddable":true,"href":"https:\/\/www.mango.org\/es\/wp-json\/wp\/v2\/users\/45"}],"replies":[{"embeddable":true,"href":"https:\/\/www.mango.org\/es\/wp-json\/wp\/v2\/comments?post=67407"}],"version-history":[{"count":0,"href":"https:\/\/www.mango.org\/es\/wp-json\/wp\/v2\/pages\/67407\/revisions"}],"up":[{"embeddable":true,"href":"https:\/\/www.mango.org\/es\/wp-json\/wp\/v2\/pages\/43892"}],"wp:featuredmedia":[{"embeddable":true,"href":"https:\/\/www.mango.org\/es\/wp-json\/wp\/v2\/media\/66867"}],"wp:attachment":[{"href":"https:\/\/www.mango.org\/es\/wp-json\/wp\/v2\/media?parent=67407"}],"curies":[{"name":"wp","href":"https:\/\/api.w.org\/{rel}","templated":true}]}}