{"id":65467,"date":"2025-04-07T18:10:11","date_gmt":"2025-04-07T22:10:11","guid":{"rendered":"https:\/\/www.mango.org\/historias-de-origen\/american-mango\/"},"modified":"2025-06-01T00:58:14","modified_gmt":"2025-06-01T04:58:14","slug":"american-mango","status":"publish","type":"page","link":"https:\/\/www.mango.org\/es\/historias-de-origen\/american-mango\/","title":{"rendered":"Historia del Mango Americano"},"content":{"rendered":"<p>Desde la mesa familiar hasta las fiestas del vecindario, los mangos forman parte de cada celebraci\u00f3n. Descubre la tradici\u00f3n, el esp\u00edritu y la magia del mango a trav\u00e9s de los ojos y corazones de la gente local.<\/p>\n","protected":false},"excerpt":{"rendered":"<p>Desde la mesa familiar hasta las fiestas del vecindario, los mangos forman parte de cada celebraci\u00f3n. Descubre la tradici\u00f3n, el esp\u00edritu y la magia del mango a trav\u00e9s de los [&#8230;]<\/p>\n<p><a class=\"btn btn-secondary understrap-read-more-link\" href=\"https:\/\/www.mango.org\/es\/historias-de-origen\/american-mango\/\">Leer m\u00e1s&#8230;<span class=\"screen-reader-text\"> from Historia del Mango Americano<\/span><\/a><\/p>\n","protected":false},"author":44,"featured_media":65471,"parent":48838,"menu_order":0,"comment_status":"closed","ping_status":"closed","template":"page-templates\/hub-template.php","meta":{"_acf_changed":false,"footnotes":""},"class_list":["post-65467","page","type-page","status-publish","has-post-thumbnail","hentry"],"acf":[],"_links":{"self":[{"href":"https:\/\/www.mango.org\/es\/wp-json\/wp\/v2\/pages\/65467","targetHints":{"allow":["GET"]}}],"collection":[{"href":"https:\/\/www.mango.org\/es\/wp-json\/wp\/v2\/pages"}],"about":[{"href":"https:\/\/www.mango.org\/es\/wp-json\/wp\/v2\/types\/page"}],"author":[{"embeddable":true,"href":"https:\/\/www.mango.org\/es\/wp-json\/wp\/v2\/users\/44"}],"replies":[{"embeddable":true,"href":"https:\/\/www.mango.org\/es\/wp-json\/wp\/v2\/comments?post=65467"}],"version-history":[{"count":0,"href":"https:\/\/www.mango.org\/es\/wp-json\/wp\/v2\/pages\/65467\/revisions"}],"up":[{"embeddable":true,"href":"https:\/\/www.mango.org\/es\/wp-json\/wp\/v2\/pages\/48838"}],"wp:featuredmedia":[{"embeddable":true,"href":"https:\/\/www.mango.org\/es\/wp-json\/wp\/v2\/media\/65471"}],"wp:attachment":[{"href":"https:\/\/www.mango.org\/es\/wp-json\/wp\/v2\/media?parent=65467"}],"curies":[{"name":"wp","href":"https:\/\/api.w.org\/{rel}","templated":true}]}}