{"id":65385,"date":"2024-11-05T23:15:53","date_gmt":"2024-11-06T04:15:53","guid":{"rendered":"https:\/\/www.mango.org\/historias-de-origen\/origin-stories-guatemala\/"},"modified":"2025-04-01T17:51:41","modified_gmt":"2025-04-01T21:51:41","slug":"historias-de-origen-guatemala","status":"publish","type":"page","link":"https:\/\/www.mango.org\/es\/historias-de-origen\/historias-de-origen-guatemala\/","title":{"rendered":"Historias de Origen Guatemala"},"content":{"rendered":"<p>Desde la mesa familiar hasta una fiesta en el barrio, Guatemala lleva el mango a cada celebraci\u00f3n. Descubre la tradici\u00f3n, el esp\u00edritu y la magia de Guatemala a trav\u00e9s de los ojos y los corazones de sus habitantes.<\/p>\n","protected":false},"excerpt":{"rendered":"<p>Desde la mesa familiar hasta una fiesta en el barrio, Guatemala lleva el mango a cada celebraci\u00f3n. Descubre la tradici\u00f3n, el esp\u00edritu y la magia de Guatemala a trav\u00e9s de [&#8230;]<\/p>\n<p><a class=\"btn btn-secondary understrap-read-more-link\" href=\"https:\/\/www.mango.org\/es\/historias-de-origen\/historias-de-origen-guatemala\/\">Leer m\u00e1s&#8230;<span class=\"screen-reader-text\"> from Historias de Origen Guatemala<\/span><\/a><\/p>\n","protected":false},"author":45,"featured_media":63898,"parent":48838,"menu_order":0,"comment_status":"closed","ping_status":"closed","template":"page-templates\/hub-template.php","meta":{"_acf_changed":false,"footnotes":""},"class_list":["post-65385","page","type-page","status-publish","has-post-thumbnail","hentry"],"acf":[],"_links":{"self":[{"href":"https:\/\/www.mango.org\/es\/wp-json\/wp\/v2\/pages\/65385","targetHints":{"allow":["GET"]}}],"collection":[{"href":"https:\/\/www.mango.org\/es\/wp-json\/wp\/v2\/pages"}],"about":[{"href":"https:\/\/www.mango.org\/es\/wp-json\/wp\/v2\/types\/page"}],"author":[{"embeddable":true,"href":"https:\/\/www.mango.org\/es\/wp-json\/wp\/v2\/users\/45"}],"replies":[{"embeddable":true,"href":"https:\/\/www.mango.org\/es\/wp-json\/wp\/v2\/comments?post=65385"}],"version-history":[{"count":0,"href":"https:\/\/www.mango.org\/es\/wp-json\/wp\/v2\/pages\/65385\/revisions"}],"up":[{"embeddable":true,"href":"https:\/\/www.mango.org\/es\/wp-json\/wp\/v2\/pages\/48838"}],"wp:featuredmedia":[{"embeddable":true,"href":"https:\/\/www.mango.org\/es\/wp-json\/wp\/v2\/media\/63898"}],"wp:attachment":[{"href":"https:\/\/www.mango.org\/es\/wp-json\/wp\/v2\/media?parent=65385"}],"curies":[{"name":"wp","href":"https:\/\/api.w.org\/{rel}","templated":true}]}}