{"id":64219,"date":"2025-01-23T12:41:55","date_gmt":"2025-01-23T17:41:55","guid":{"rendered":"https:\/\/www.mango.org\/industria-del-mango\/quality-control-series\/"},"modified":"2025-06-02T16:31:40","modified_gmt":"2025-06-02T20:31:40","slug":"serie-de-control-de-calidad","status":"publish","type":"page","link":"https:\/\/www.mango.org\/es\/industria-del-mango\/serie-de-control-de-calidad\/","title":{"rendered":"Serie de Control de Calidad"},"content":{"rendered":"<p class=\"p1\">La Serie de Control de Calidad ofrece recursos valiosos relacionados con la inocuidad alimentaria, las mejores pr\u00e1cticas de producci\u00f3n, el almacenamiento y m\u00e1s, para garantizar una calidad constante en los mangos.<\/p>\n","protected":false},"excerpt":{"rendered":"<p>La Serie de Control de Calidad ofrece recursos valiosos relacionados con la inocuidad alimentaria, las mejores pr\u00e1cticas de producci\u00f3n, el almacenamiento y m\u00e1s, para garantizar una calidad constante en los [&#8230;]<\/p>\n<p><a class=\"btn btn-secondary understrap-read-more-link\" href=\"https:\/\/www.mango.org\/es\/industria-del-mango\/serie-de-control-de-calidad\/\">Leer m\u00e1s&#8230;<span class=\"screen-reader-text\"> from Serie de Control de Calidad<\/span><\/a><\/p>\n","protected":false},"author":44,"featured_media":63175,"parent":63198,"menu_order":0,"comment_status":"closed","ping_status":"closed","template":"page-templates\/hub-template.php","meta":{"_acf_changed":false,"footnotes":""},"class_list":["post-64219","page","type-page","status-publish","has-post-thumbnail","hentry"],"acf":[],"_links":{"self":[{"href":"https:\/\/www.mango.org\/es\/wp-json\/wp\/v2\/pages\/64219","targetHints":{"allow":["GET"]}}],"collection":[{"href":"https:\/\/www.mango.org\/es\/wp-json\/wp\/v2\/pages"}],"about":[{"href":"https:\/\/www.mango.org\/es\/wp-json\/wp\/v2\/types\/page"}],"author":[{"embeddable":true,"href":"https:\/\/www.mango.org\/es\/wp-json\/wp\/v2\/users\/44"}],"replies":[{"embeddable":true,"href":"https:\/\/www.mango.org\/es\/wp-json\/wp\/v2\/comments?post=64219"}],"version-history":[{"count":0,"href":"https:\/\/www.mango.org\/es\/wp-json\/wp\/v2\/pages\/64219\/revisions"}],"up":[{"embeddable":true,"href":"https:\/\/www.mango.org\/es\/wp-json\/wp\/v2\/pages\/63198"}],"wp:featuredmedia":[{"embeddable":true,"href":"https:\/\/www.mango.org\/es\/wp-json\/wp\/v2\/media\/63175"}],"wp:attachment":[{"href":"https:\/\/www.mango.org\/es\/wp-json\/wp\/v2\/media?parent=64219"}],"curies":[{"name":"wp","href":"https:\/\/api.w.org\/{rel}","templated":true}]}}