{"id":64187,"date":"2024-11-13T13:24:57","date_gmt":"2024-11-13T18:24:57","guid":{"rendered":"https:\/\/www.mango.org\/industria-del-mango\/mejorando-la-calidad-del-mango\/ripening-guide-series\/"},"modified":"2025-05-09T17:03:33","modified_gmt":"2025-05-09T21:03:33","slug":"guia-maduracion","status":"publish","type":"page","link":"https:\/\/www.mango.org\/es\/industria-del-mango\/mejorando-la-calidad-del-mango\/guia-maduracion\/","title":{"rendered":"Gu\u00eda de Maduraci\u00f3n"},"content":{"rendered":"<p>La serie \u00abGu\u00eda de Maduraci\u00f3n\u00bb ofrece informaci\u00f3n esencial sobre el proceso de maduraci\u00f3n del mango, enfoc\u00e1ndose en las mejores pr\u00e1cticas para lograr una calidad y sabor \u00f3ptimos. Cada video cubre los beneficios de una maduraci\u00f3n adecuada, procedimientos generales e indicadores espec\u00edficos de madurez para variedades populares como Kent, Tommy Atkins, Honey (Ataulfo) y Keitt. Esta serie es un recurso valioso para productores, comerciantes y entusiastas, asegurando que puedas apreciar y disfrutar plenamente de lo delicioso sabor de los mangos en su punto m\u00e1ximo de madurez.<\/p>\n","protected":false},"excerpt":{"rendered":"<p>La serie \u00abGu\u00eda de Maduraci\u00f3n\u00bb ofrece informaci\u00f3n esencial sobre el proceso de maduraci\u00f3n del mango, enfoc\u00e1ndose en las mejores pr\u00e1cticas para lograr una calidad y sabor \u00f3ptimos. Cada video cubre [&#8230;]<\/p>\n<p><a class=\"btn btn-secondary understrap-read-more-link\" href=\"https:\/\/www.mango.org\/es\/industria-del-mango\/mejorando-la-calidad-del-mango\/guia-maduracion\/\">Leer m\u00e1s&#8230;<span class=\"screen-reader-text\"> from Gu\u00eda de Maduraci\u00f3n<\/span><\/a><\/p>\n","protected":false},"author":44,"featured_media":63968,"parent":43872,"menu_order":0,"comment_status":"closed","ping_status":"closed","template":"page-templates\/hub-template.php","meta":{"_acf_changed":false,"footnotes":""},"class_list":["post-64187","page","type-page","status-publish","has-post-thumbnail","hentry"],"acf":[],"_links":{"self":[{"href":"https:\/\/www.mango.org\/es\/wp-json\/wp\/v2\/pages\/64187","targetHints":{"allow":["GET"]}}],"collection":[{"href":"https:\/\/www.mango.org\/es\/wp-json\/wp\/v2\/pages"}],"about":[{"href":"https:\/\/www.mango.org\/es\/wp-json\/wp\/v2\/types\/page"}],"author":[{"embeddable":true,"href":"https:\/\/www.mango.org\/es\/wp-json\/wp\/v2\/users\/44"}],"replies":[{"embeddable":true,"href":"https:\/\/www.mango.org\/es\/wp-json\/wp\/v2\/comments?post=64187"}],"version-history":[{"count":0,"href":"https:\/\/www.mango.org\/es\/wp-json\/wp\/v2\/pages\/64187\/revisions"}],"up":[{"embeddable":true,"href":"https:\/\/www.mango.org\/es\/wp-json\/wp\/v2\/pages\/43872"}],"wp:featuredmedia":[{"embeddable":true,"href":"https:\/\/www.mango.org\/es\/wp-json\/wp\/v2\/media\/63968"}],"wp:attachment":[{"href":"https:\/\/www.mango.org\/es\/wp-json\/wp\/v2\/media?parent=64187"}],"curies":[{"name":"wp","href":"https:\/\/api.w.org\/{rel}","templated":true}]}}