{"id":63995,"date":"2024-11-18T18:12:44","date_gmt":"2024-11-18T23:12:44","guid":{"rendered":"https:\/\/www.mango.org\/?page_id=63995"},"modified":"2025-04-02T13:07:18","modified_gmt":"2025-04-02T17:07:18","slug":"origin-stories-california","status":"publish","type":"page","link":"https:\/\/www.mango.org\/es\/historias-de-origen\/origin-stories-california\/","title":{"rendered":"Origin Stories California"},"content":{"rendered":"<p>Desde la mesa familiar hasta fiestas con tus amigos, California lleva el mango a cada celebraci\u00f3n. Descubre la tradici\u00f3n, el esp\u00edritu y la magia de California a trav\u00e9s de los ojos y el coraz\u00f3n de su gente<\/p>\n","protected":false},"excerpt":{"rendered":"<p>Desde la mesa familiar hasta fiestas con tus amigos, California lleva el mango a cada celebraci\u00f3n. Descubre la tradici\u00f3n, el esp\u00edritu y la magia de California a trav\u00e9s de los [&#8230;]<\/p>\n<p><a class=\"btn btn-secondary understrap-read-more-link\" href=\"https:\/\/www.mango.org\/es\/historias-de-origen\/origin-stories-california\/\">Leer m\u00e1s&#8230;<span class=\"screen-reader-text\"> from Origin Stories California<\/span><\/a><\/p>\n","protected":false},"author":45,"featured_media":63987,"parent":48838,"menu_order":0,"comment_status":"closed","ping_status":"closed","template":"page-templates\/hub-template.php","meta":{"_acf_changed":false,"footnotes":""},"class_list":["post-63995","page","type-page","status-publish","has-post-thumbnail","hentry"],"acf":[],"_links":{"self":[{"href":"https:\/\/www.mango.org\/es\/wp-json\/wp\/v2\/pages\/63995","targetHints":{"allow":["GET"]}}],"collection":[{"href":"https:\/\/www.mango.org\/es\/wp-json\/wp\/v2\/pages"}],"about":[{"href":"https:\/\/www.mango.org\/es\/wp-json\/wp\/v2\/types\/page"}],"author":[{"embeddable":true,"href":"https:\/\/www.mango.org\/es\/wp-json\/wp\/v2\/users\/45"}],"replies":[{"embeddable":true,"href":"https:\/\/www.mango.org\/es\/wp-json\/wp\/v2\/comments?post=63995"}],"version-history":[{"count":0,"href":"https:\/\/www.mango.org\/es\/wp-json\/wp\/v2\/pages\/63995\/revisions"}],"up":[{"embeddable":true,"href":"https:\/\/www.mango.org\/es\/wp-json\/wp\/v2\/pages\/48838"}],"wp:featuredmedia":[{"embeddable":true,"href":"https:\/\/www.mango.org\/es\/wp-json\/wp\/v2\/media\/63987"}],"wp:attachment":[{"href":"https:\/\/www.mango.org\/es\/wp-json\/wp\/v2\/media?parent=63995"}],"curies":[{"name":"wp","href":"https:\/\/api.w.org\/{rel}","templated":true}]}}