{"id":63982,"date":"2024-11-14T16:49:52","date_gmt":"2024-11-14T21:49:52","guid":{"rendered":"https:\/\/www.mango.org\/historias-de-origen\/origin-stories-brazil\/"},"modified":"2025-04-01T18:02:34","modified_gmt":"2025-04-01T22:02:34","slug":"brazil","status":"publish","type":"page","link":"https:\/\/www.mango.org\/es\/historias-de-origen\/brazil\/","title":{"rendered":"Historias de Origen Brazil"},"content":{"rendered":"<div class=\"x-section e51748-e5 m13xg-1 m13xg-3 m13xg-4 intro-section\">\n<div class=\"x-row x-container max width e51748-e6 m13xg-7 m13xg-b m13xg-d intro-tt-row\">\n<div class=\"x-row-inner\">\n<div class=\"x-col e51748-e7 m13xg-l intro-col\">\n<div class=\"x-text x-content e51748-e9 m13xg-m introtext-box\">\n<p>Desde la mesa familiar hasta fiestas con tus amigos, Brazil lleva el mango a cada celebraci\u00f3n. Descubre la tradici\u00f3n, el esp\u00edritu y la magia de Brazil a trav\u00e9s de los ojos y el coraz\u00f3n de su gente.<\/p>\n<\/div>\n<\/div>\n<\/div>\n<\/div>\n<\/div>\n","protected":false},"excerpt":{"rendered":"<p>Desde la mesa familiar hasta fiestas con tus amigos, Brazil lleva el mango a cada celebraci\u00f3n. Descubre la tradici\u00f3n, el esp\u00edritu y la magia de Brazil a trav\u00e9s de los [&#8230;]<\/p>\n<p><a class=\"btn btn-secondary understrap-read-more-link\" href=\"https:\/\/www.mango.org\/es\/historias-de-origen\/brazil\/\">Leer m\u00e1s&#8230;<span class=\"screen-reader-text\"> from Historias de Origen Brazil<\/span><\/a><\/p>\n","protected":false},"author":44,"featured_media":63981,"parent":48838,"menu_order":0,"comment_status":"closed","ping_status":"closed","template":"page-templates\/hub-template.php","meta":{"_acf_changed":false,"footnotes":""},"class_list":["post-63982","page","type-page","status-publish","has-post-thumbnail","hentry"],"acf":[],"_links":{"self":[{"href":"https:\/\/www.mango.org\/es\/wp-json\/wp\/v2\/pages\/63982","targetHints":{"allow":["GET"]}}],"collection":[{"href":"https:\/\/www.mango.org\/es\/wp-json\/wp\/v2\/pages"}],"about":[{"href":"https:\/\/www.mango.org\/es\/wp-json\/wp\/v2\/types\/page"}],"author":[{"embeddable":true,"href":"https:\/\/www.mango.org\/es\/wp-json\/wp\/v2\/users\/44"}],"replies":[{"embeddable":true,"href":"https:\/\/www.mango.org\/es\/wp-json\/wp\/v2\/comments?post=63982"}],"version-history":[{"count":0,"href":"https:\/\/www.mango.org\/es\/wp-json\/wp\/v2\/pages\/63982\/revisions"}],"up":[{"embeddable":true,"href":"https:\/\/www.mango.org\/es\/wp-json\/wp\/v2\/pages\/48838"}],"wp:featuredmedia":[{"embeddable":true,"href":"https:\/\/www.mango.org\/es\/wp-json\/wp\/v2\/media\/63981"}],"wp:attachment":[{"href":"https:\/\/www.mango.org\/es\/wp-json\/wp\/v2\/media?parent=63982"}],"curies":[{"name":"wp","href":"https:\/\/api.w.org\/{rel}","templated":true}]}}