{"id":63945,"date":"2024-11-08T13:47:57","date_gmt":"2024-11-08T18:47:57","guid":{"rendered":"https:\/\/www.mango.org\/?page_id=63945"},"modified":"2025-04-02T13:01:32","modified_gmt":"2025-04-02T17:01:32","slug":"historias-de-origen-peru","status":"publish","type":"page","link":"https:\/\/www.mango.org\/es\/historias-de-origen\/historias-de-origen-peru\/","title":{"rendered":"Origin Stories Peru"},"content":{"rendered":"<p>Desde la mesa familiar hasta una fiesta de barrio, Peru lleva el mango a cada celebraci\u00f3n. Descubre la tradici\u00f3n, el esp\u00edritu y la magia de Peru a trav\u00e9s de los ojos y corazones de los locales.<\/p>\n","protected":false},"excerpt":{"rendered":"<p>Desde la mesa familiar hasta una fiesta de barrio, Peru lleva el mango a cada celebraci\u00f3n. Descubre la tradici\u00f3n, el esp\u00edritu y la magia de Peru a trav\u00e9s de los [&#8230;]<\/p>\n<p><a class=\"btn btn-secondary understrap-read-more-link\" href=\"https:\/\/www.mango.org\/es\/historias-de-origen\/historias-de-origen-peru\/\">Leer m\u00e1s&#8230;<span class=\"screen-reader-text\"> from Origin Stories Peru<\/span><\/a><\/p>\n","protected":false},"author":36,"featured_media":63940,"parent":48838,"menu_order":0,"comment_status":"closed","ping_status":"closed","template":"page-templates\/hub-template.php","meta":{"_acf_changed":false,"footnotes":""},"class_list":["post-63945","page","type-page","status-publish","has-post-thumbnail","hentry"],"acf":[],"_links":{"self":[{"href":"https:\/\/www.mango.org\/es\/wp-json\/wp\/v2\/pages\/63945","targetHints":{"allow":["GET"]}}],"collection":[{"href":"https:\/\/www.mango.org\/es\/wp-json\/wp\/v2\/pages"}],"about":[{"href":"https:\/\/www.mango.org\/es\/wp-json\/wp\/v2\/types\/page"}],"author":[{"embeddable":true,"href":"https:\/\/www.mango.org\/es\/wp-json\/wp\/v2\/users\/36"}],"replies":[{"embeddable":true,"href":"https:\/\/www.mango.org\/es\/wp-json\/wp\/v2\/comments?post=63945"}],"version-history":[{"count":0,"href":"https:\/\/www.mango.org\/es\/wp-json\/wp\/v2\/pages\/63945\/revisions"}],"up":[{"embeddable":true,"href":"https:\/\/www.mango.org\/es\/wp-json\/wp\/v2\/pages\/48838"}],"wp:featuredmedia":[{"embeddable":true,"href":"https:\/\/www.mango.org\/es\/wp-json\/wp\/v2\/media\/63940"}],"wp:attachment":[{"href":"https:\/\/www.mango.org\/es\/wp-json\/wp\/v2\/media?parent=63945"}],"curies":[{"name":"wp","href":"https:\/\/api.w.org\/{rel}","templated":true}]}}