{"id":63424,"date":"2024-07-22T14:14:06","date_gmt":"2024-07-22T18:14:06","guid":{"rendered":"https:\/\/www.mango.org\/venta-minorista\/back-to-school-pos\/"},"modified":"2024-07-24T18:47:10","modified_gmt":"2024-07-24T22:47:10","slug":"de-vuelta-a-la-escuela-pos","status":"publish","type":"page","link":"https:\/\/www.mango.org\/es\/venta-minorista\/de-vuelta-a-la-escuela-pos\/","title":{"rendered":"Materiales de Punta de Venta &#8211; De Vuelta a la Escuela"},"content":{"rendered":"<p>Descargue los materiales actuales del punto de venta directamente aqu\u00ed o complete el formulario de pedido a continuaci\u00f3n para que nuestro equipo los imprima y los env\u00ede a su ubicaci\u00f3n.<\/p>\n","protected":false},"excerpt":{"rendered":"<p>Descargue los materiales actuales del punto de venta directamente aqu\u00ed o complete el formulario de pedido a continuaci\u00f3n para que nuestro equipo los imprima y los env\u00ede a su ubicaci\u00f3n. [&#8230;]<\/p>\n<p><a class=\"btn btn-secondary understrap-read-more-link\" href=\"https:\/\/www.mango.org\/es\/venta-minorista\/de-vuelta-a-la-escuela-pos\/\">Leer m\u00e1s&#8230;<span class=\"screen-reader-text\"> from Materiales de Punta de Venta &#8211; De Vuelta a la Escuela<\/span><\/a><\/p>\n","protected":false},"author":45,"featured_media":66213,"parent":43892,"menu_order":0,"comment_status":"closed","ping_status":"closed","template":"page-templates\/hub-template.php","meta":{"_acf_changed":false,"footnotes":""},"class_list":["post-63424","page","type-page","status-publish","has-post-thumbnail","hentry"],"acf":[],"_links":{"self":[{"href":"https:\/\/www.mango.org\/es\/wp-json\/wp\/v2\/pages\/63424","targetHints":{"allow":["GET"]}}],"collection":[{"href":"https:\/\/www.mango.org\/es\/wp-json\/wp\/v2\/pages"}],"about":[{"href":"https:\/\/www.mango.org\/es\/wp-json\/wp\/v2\/types\/page"}],"author":[{"embeddable":true,"href":"https:\/\/www.mango.org\/es\/wp-json\/wp\/v2\/users\/45"}],"replies":[{"embeddable":true,"href":"https:\/\/www.mango.org\/es\/wp-json\/wp\/v2\/comments?post=63424"}],"version-history":[{"count":0,"href":"https:\/\/www.mango.org\/es\/wp-json\/wp\/v2\/pages\/63424\/revisions"}],"up":[{"embeddable":true,"href":"https:\/\/www.mango.org\/es\/wp-json\/wp\/v2\/pages\/43892"}],"wp:featuredmedia":[{"embeddable":true,"href":"https:\/\/www.mango.org\/es\/wp-json\/wp\/v2\/media\/66213"}],"wp:attachment":[{"href":"https:\/\/www.mango.org\/es\/wp-json\/wp\/v2\/media?parent=63424"}],"curies":[{"name":"wp","href":"https:\/\/api.w.org\/{rel}","templated":true}]}}