{"id":63400,"date":"2024-06-18T16:54:57","date_gmt":"2024-06-18T20:54:57","guid":{"rendered":"https:\/\/www.mango.org\/newsletter-signup\/"},"modified":"2025-11-18T12:44:43","modified_gmt":"2025-11-18T17:44:43","slug":"boletines","status":"publish","type":"page","link":"https:\/\/www.mango.org\/es\/boletines\/","title":{"rendered":"Registro al Bolet\u00edn Informativo"},"content":{"rendered":"<p>\u00bfEn qu\u00e9 contenido de mango est\u00e1s m\u00e1s interesado? Suscr\u00edbete a un bolet\u00edn informativo para recibir informaci\u00f3n sobre recetas de mango, consejos de nutrici\u00f3n, recursos para servicios de alimentos, actualizaciones generales de la industria del mango, noticias de la Junta Nacional del Mango y m\u00e1s.<\/p>\n","protected":false},"excerpt":{"rendered":"<p>\u00bfEn qu\u00e9 contenido de mango est\u00e1s m\u00e1s interesado? Suscr\u00edbete a un bolet\u00edn informativo para recibir informaci\u00f3n sobre recetas de mango, consejos de nutrici\u00f3n, recursos para servicios de alimentos, actualizaciones generales [&#8230;]<\/p>\n<p><a class=\"btn btn-secondary understrap-read-more-link\" href=\"https:\/\/www.mango.org\/es\/boletines\/\">Leer m\u00e1s&#8230;<span class=\"screen-reader-text\"> from Registro al Bolet\u00edn Informativo<\/span><\/a><\/p>\n","protected":false},"author":44,"featured_media":0,"parent":0,"menu_order":0,"comment_status":"closed","ping_status":"closed","template":"page-templates\/newsletter-template.php","meta":{"_acf_changed":false,"footnotes":""},"class_list":["post-63400","page","type-page","status-publish","hentry"],"acf":[],"_links":{"self":[{"href":"https:\/\/www.mango.org\/es\/wp-json\/wp\/v2\/pages\/63400","targetHints":{"allow":["GET"]}}],"collection":[{"href":"https:\/\/www.mango.org\/es\/wp-json\/wp\/v2\/pages"}],"about":[{"href":"https:\/\/www.mango.org\/es\/wp-json\/wp\/v2\/types\/page"}],"author":[{"embeddable":true,"href":"https:\/\/www.mango.org\/es\/wp-json\/wp\/v2\/users\/44"}],"replies":[{"embeddable":true,"href":"https:\/\/www.mango.org\/es\/wp-json\/wp\/v2\/comments?post=63400"}],"version-history":[{"count":0,"href":"https:\/\/www.mango.org\/es\/wp-json\/wp\/v2\/pages\/63400\/revisions"}],"wp:attachment":[{"href":"https:\/\/www.mango.org\/es\/wp-json\/wp\/v2\/media?parent=63400"}],"curies":[{"name":"wp","href":"https:\/\/api.w.org\/{rel}","templated":true}]}}