{"id":63327,"date":"2024-07-01T23:43:25","date_gmt":"2024-07-02T03:43:25","guid":{"rendered":"https:\/\/www.mango.org\/foodservice\/"},"modified":"2025-05-30T12:15:34","modified_gmt":"2025-05-30T16:15:34","slug":"servicio-alimentario","status":"publish","type":"page","link":"https:\/\/www.mango.org\/es\/servicio-alimentario\/","title":{"rendered":"Servicios de Alimentaci\u00f3n"},"content":{"rendered":"<p>En 2021, los mangos se encontraron en casi el 40% de todos los men\u00fas de alimentos, y desde entonces, ese n\u00famero solo ha crecido. La man\u00eda por los men\u00fas de mango se est\u00e1 apoderando poco a poco de los Estados Unidos, y estamos aqu\u00ed para proporcionar a los profesionales de servicios de alimentaci\u00f3n curiosos los recursos que necesitan para asegurarse de que su base de clientes pueda saborear la alegr\u00eda. Sigue leyendo para inspirarte con recetas, percepciones culinarias y mucho m\u00e1s.<\/p>\n","protected":false},"excerpt":{"rendered":"<p>En 2021, los mangos se encontraron en casi el 40% de todos los men\u00fas de alimentos, y desde entonces, ese n\u00famero solo ha crecido. La man\u00eda por los men\u00fas de [&#8230;]<\/p>\n<p><a class=\"btn btn-secondary understrap-read-more-link\" href=\"https:\/\/www.mango.org\/es\/servicio-alimentario\/\">Leer m\u00e1s&#8230;<span class=\"screen-reader-text\"> from Servicios de Alimentaci\u00f3n<\/span><\/a><\/p>\n","protected":false},"author":47,"featured_media":60085,"parent":0,"menu_order":0,"comment_status":"closed","ping_status":"closed","template":"page-templates\/hub-template.php","meta":{"_acf_changed":false,"footnotes":""},"class_list":["post-63327","page","type-page","status-publish","has-post-thumbnail","hentry"],"acf":[],"_links":{"self":[{"href":"https:\/\/www.mango.org\/es\/wp-json\/wp\/v2\/pages\/63327","targetHints":{"allow":["GET"]}}],"collection":[{"href":"https:\/\/www.mango.org\/es\/wp-json\/wp\/v2\/pages"}],"about":[{"href":"https:\/\/www.mango.org\/es\/wp-json\/wp\/v2\/types\/page"}],"author":[{"embeddable":true,"href":"https:\/\/www.mango.org\/es\/wp-json\/wp\/v2\/users\/47"}],"replies":[{"embeddable":true,"href":"https:\/\/www.mango.org\/es\/wp-json\/wp\/v2\/comments?post=63327"}],"version-history":[{"count":0,"href":"https:\/\/www.mango.org\/es\/wp-json\/wp\/v2\/pages\/63327\/revisions"}],"wp:featuredmedia":[{"embeddable":true,"href":"https:\/\/www.mango.org\/es\/wp-json\/wp\/v2\/media\/60085"}],"wp:attachment":[{"href":"https:\/\/www.mango.org\/es\/wp-json\/wp\/v2\/media?parent=63327"}],"curies":[{"name":"wp","href":"https:\/\/api.w.org\/{rel}","templated":true}]}}