{"id":63313,"date":"2024-07-03T18:32:08","date_gmt":"2024-07-03T22:32:08","guid":{"rendered":"https:\/\/www.mango.org\/venta-minorista\/cinco-de-mango-pos\/"},"modified":"2024-07-24T18:47:17","modified_gmt":"2024-07-24T22:47:17","slug":"materiales-de-punto-de-venta-cinco-de-mayo","status":"publish","type":"page","link":"https:\/\/www.mango.org\/es\/venta-minorista\/materiales-de-punto-de-venta-cinco-de-mayo\/","title":{"rendered":"Materiales de Punto de Venta &#8211; Cinco de Mayo"},"content":{"rendered":"<p>Descargue los materiales actuales del punto de venta directamente aqu\u00ed o complete el formulario de pedido a continuaci\u00f3n para que nuestro equipo los imprima y los env\u00ede a su ubicaci\u00f3n. Encuentra materiales del Cinco de Mayo aqu\u00ed.<\/p>\n","protected":false},"excerpt":{"rendered":"<p>Descargue los materiales actuales del punto de venta directamente aqu\u00ed o complete el formulario de pedido a continuaci\u00f3n para que nuestro equipo los imprima y los env\u00ede a su ubicaci\u00f3n. [&#8230;]<\/p>\n<p><a class=\"btn btn-secondary understrap-read-more-link\" href=\"https:\/\/www.mango.org\/es\/venta-minorista\/materiales-de-punto-de-venta-cinco-de-mayo\/\">Leer m\u00e1s&#8230;<span class=\"screen-reader-text\"> from Materiales de Punto de Venta &#8211; Cinco de Mayo<\/span><\/a><\/p>\n","protected":false},"author":44,"featured_media":65452,"parent":43892,"menu_order":0,"comment_status":"closed","ping_status":"closed","template":"page-templates\/hub-template.php","meta":{"_acf_changed":false,"footnotes":""},"class_list":["post-63313","page","type-page","status-publish","has-post-thumbnail","hentry"],"acf":[],"_links":{"self":[{"href":"https:\/\/www.mango.org\/es\/wp-json\/wp\/v2\/pages\/63313","targetHints":{"allow":["GET"]}}],"collection":[{"href":"https:\/\/www.mango.org\/es\/wp-json\/wp\/v2\/pages"}],"about":[{"href":"https:\/\/www.mango.org\/es\/wp-json\/wp\/v2\/types\/page"}],"author":[{"embeddable":true,"href":"https:\/\/www.mango.org\/es\/wp-json\/wp\/v2\/users\/44"}],"replies":[{"embeddable":true,"href":"https:\/\/www.mango.org\/es\/wp-json\/wp\/v2\/comments?post=63313"}],"version-history":[{"count":0,"href":"https:\/\/www.mango.org\/es\/wp-json\/wp\/v2\/pages\/63313\/revisions"}],"up":[{"embeddable":true,"href":"https:\/\/www.mango.org\/es\/wp-json\/wp\/v2\/pages\/43892"}],"wp:featuredmedia":[{"embeddable":true,"href":"https:\/\/www.mango.org\/es\/wp-json\/wp\/v2\/media\/65452"}],"wp:attachment":[{"href":"https:\/\/www.mango.org\/es\/wp-json\/wp\/v2\/media?parent=63313"}],"curies":[{"name":"wp","href":"https:\/\/api.w.org\/{rel}","templated":true}]}}