{"id":63212,"date":"2024-06-17T12:33:30","date_gmt":"2024-06-17T16:33:30","guid":{"rendered":"https:\/\/www.mango.org\/contact\/"},"modified":"2026-02-18T15:06:41","modified_gmt":"2026-02-18T20:06:41","slug":"contacto","status":"publish","type":"page","link":"https:\/\/www.mango.org\/es\/contacto\/","title":{"rendered":"Contacto"},"content":{"rendered":"<p>Comun\u00edquese con nosotros para obtener m\u00e1s informaci\u00f3n o si no puede encontrar lo que necesita. Siempre estamos felices de responder preguntas.<\/p>\n","protected":false},"excerpt":{"rendered":"<p>Comun\u00edquese con nosotros para obtener m\u00e1s informaci\u00f3n o si no puede encontrar lo que necesita. Siempre estamos felices de responder preguntas. [&#8230;]<\/p>\n<p><a class=\"btn btn-secondary understrap-read-more-link\" href=\"https:\/\/www.mango.org\/es\/contacto\/\">Leer m\u00e1s&#8230;<span class=\"screen-reader-text\"> from Contacto<\/span><\/a><\/p>\n","protected":false},"author":44,"featured_media":0,"parent":0,"menu_order":0,"comment_status":"closed","ping_status":"closed","template":"page-templates\/contact-nmb-template.php","meta":{"_acf_changed":false,"footnotes":""},"class_list":["post-63212","page","type-page","status-publish","hentry"],"acf":[],"_links":{"self":[{"href":"https:\/\/www.mango.org\/es\/wp-json\/wp\/v2\/pages\/63212","targetHints":{"allow":["GET"]}}],"collection":[{"href":"https:\/\/www.mango.org\/es\/wp-json\/wp\/v2\/pages"}],"about":[{"href":"https:\/\/www.mango.org\/es\/wp-json\/wp\/v2\/types\/page"}],"author":[{"embeddable":true,"href":"https:\/\/www.mango.org\/es\/wp-json\/wp\/v2\/users\/44"}],"replies":[{"embeddable":true,"href":"https:\/\/www.mango.org\/es\/wp-json\/wp\/v2\/comments?post=63212"}],"version-history":[{"count":0,"href":"https:\/\/www.mango.org\/es\/wp-json\/wp\/v2\/pages\/63212\/revisions"}],"wp:attachment":[{"href":"https:\/\/www.mango.org\/es\/wp-json\/wp\/v2\/media?parent=63212"}],"curies":[{"name":"wp","href":"https:\/\/api.w.org\/{rel}","templated":true}]}}