{"id":63195,"date":"2024-07-19T17:18:55","date_gmt":"2024-07-19T21:18:55","guid":{"rendered":"https:\/\/www.mango.org\/venta-minorista\/pos-materials\/"},"modified":"2026-01-08T12:10:55","modified_gmt":"2026-01-08T17:10:55","slug":"materiales-de-punto-de-venta","status":"publish","type":"page","link":"https:\/\/www.mango.org\/es\/venta-minorista\/materiales-de-punto-de-venta\/","title":{"rendered":"Materiales De Punta de Venta &#8211; Perennes"},"content":{"rendered":"<p><span style=\"font-weight: 400;\">\u00bfQu\u00e9 campa\u00f1a, temporada o promoci\u00f3n est\u00e1s buscando apoyar con materiales de punto de venta? Encuentra todo lo que necesitas a continuaci\u00f3n.<\/span><\/p>\n<h3>Todo el material est\u00e1 solo en ingl\u00e9s.<\/h3>\n","protected":false},"excerpt":{"rendered":"<p>\u00bfQu\u00e9 campa\u00f1a, temporada o promoci\u00f3n est\u00e1s buscando apoyar con materiales de punto de venta? Encuentra todo lo que necesitas a continuaci\u00f3n. Todo el material est\u00e1 solo en ingl\u00e9s. [&#8230;]<\/p>\n<p><a class=\"btn btn-secondary understrap-read-more-link\" href=\"https:\/\/www.mango.org\/es\/venta-minorista\/materiales-de-punto-de-venta\/\">Leer m\u00e1s&#8230;<span class=\"screen-reader-text\"> from Materiales De Punta de Venta &#8211; Perennes<\/span><\/a><\/p>\n","protected":false},"author":47,"featured_media":60228,"parent":43892,"menu_order":0,"comment_status":"closed","ping_status":"closed","template":"page-templates\/hub-template.php","meta":{"_acf_changed":false,"footnotes":""},"class_list":["post-63195","page","type-page","status-publish","has-post-thumbnail","hentry"],"acf":[],"_links":{"self":[{"href":"https:\/\/www.mango.org\/es\/wp-json\/wp\/v2\/pages\/63195","targetHints":{"allow":["GET"]}}],"collection":[{"href":"https:\/\/www.mango.org\/es\/wp-json\/wp\/v2\/pages"}],"about":[{"href":"https:\/\/www.mango.org\/es\/wp-json\/wp\/v2\/types\/page"}],"author":[{"embeddable":true,"href":"https:\/\/www.mango.org\/es\/wp-json\/wp\/v2\/users\/47"}],"replies":[{"embeddable":true,"href":"https:\/\/www.mango.org\/es\/wp-json\/wp\/v2\/comments?post=63195"}],"version-history":[{"count":0,"href":"https:\/\/www.mango.org\/es\/wp-json\/wp\/v2\/pages\/63195\/revisions"}],"up":[{"embeddable":true,"href":"https:\/\/www.mango.org\/es\/wp-json\/wp\/v2\/pages\/43892"}],"wp:featuredmedia":[{"embeddable":true,"href":"https:\/\/www.mango.org\/es\/wp-json\/wp\/v2\/media\/60228"}],"wp:attachment":[{"href":"https:\/\/www.mango.org\/es\/wp-json\/wp\/v2\/media?parent=63195"}],"curies":[{"name":"wp","href":"https:\/\/api.w.org\/{rel}","templated":true}]}}