{"id":63031,"date":"2024-06-14T17:53:03","date_gmt":"2024-06-14T21:53:03","guid":{"rendered":"https:\/\/www.mango.org\/frequently-asked-questions\/"},"modified":"2026-05-03T20:50:01","modified_gmt":"2026-05-04T00:50:01","slug":"preguntas-frecuentes","status":"publish","type":"page","link":"https:\/\/www.mango.org\/es\/preguntas-frecuentes\/","title":{"rendered":"Preguntas Frecuentes"},"content":{"rendered":"<p>Si tienes preguntas sobre mangos, nosotros tenemos las respuestas. A continuaci\u00f3n, se encuentran algunas de las preguntas m\u00e1s frecuentes. Si no ves tu pregunta, h\u00e1znoslo saber. La responderemos para ti.<\/p>\n","protected":false},"excerpt":{"rendered":"<p>Si tienes preguntas sobre mangos, nosotros tenemos las respuestas. A continuaci\u00f3n, se encuentran algunas de las preguntas m\u00e1s frecuentes. Si no ves tu pregunta, h\u00e1znoslo saber. La responderemos para ti. [&#8230;]<\/p>\n<p><a class=\"btn btn-secondary understrap-read-more-link\" href=\"https:\/\/www.mango.org\/es\/preguntas-frecuentes\/\">Leer m\u00e1s&#8230;<span class=\"screen-reader-text\"> from Preguntas Frecuentes<\/span><\/a><\/p>\n","protected":false},"author":44,"featured_media":60926,"parent":0,"menu_order":0,"comment_status":"closed","ping_status":"closed","template":"page-templates\/faq-template.php","meta":{"_acf_changed":false,"footnotes":""},"class_list":["post-63031","page","type-page","status-publish","has-post-thumbnail","hentry"],"acf":[],"_links":{"self":[{"href":"https:\/\/www.mango.org\/es\/wp-json\/wp\/v2\/pages\/63031","targetHints":{"allow":["GET"]}}],"collection":[{"href":"https:\/\/www.mango.org\/es\/wp-json\/wp\/v2\/pages"}],"about":[{"href":"https:\/\/www.mango.org\/es\/wp-json\/wp\/v2\/types\/page"}],"author":[{"embeddable":true,"href":"https:\/\/www.mango.org\/es\/wp-json\/wp\/v2\/users\/44"}],"replies":[{"embeddable":true,"href":"https:\/\/www.mango.org\/es\/wp-json\/wp\/v2\/comments?post=63031"}],"version-history":[{"count":0,"href":"https:\/\/www.mango.org\/es\/wp-json\/wp\/v2\/pages\/63031\/revisions"}],"wp:featuredmedia":[{"embeddable":true,"href":"https:\/\/www.mango.org\/es\/wp-json\/wp\/v2\/media\/60926"}],"wp:attachment":[{"href":"https:\/\/www.mango.org\/es\/wp-json\/wp\/v2\/media?parent=63031"}],"curies":[{"name":"wp","href":"https:\/\/api.w.org\/{rel}","templated":true}]}}