{"id":62938,"date":"2024-06-14T13:12:28","date_gmt":"2024-06-14T17:12:28","guid":{"rendered":"https:\/\/www.mango.org\/hosting\/"},"modified":"2024-07-22T11:34:55","modified_gmt":"2024-07-22T15:34:55","slug":"celebracion","status":"publish","type":"page","link":"https:\/\/www.mango.org\/es\/celebracion\/","title":{"rendered":"Celebracion"},"content":{"rendered":"<p>\u00a1No hay fiesta como una fiesta de mango! Este verano, vence el calor e infunde un poco de alegr\u00eda en tus reuniones en el patio trasero con la adici\u00f3n del mango, refrescante y \u00fanico, \u00a1la fruta definitiva para las fiestas! Ninguna otra fruta ofrece la misma mezcla deliciosa de sabor, nutrici\u00f3n y versatilidad. \u00a1Descubre todas las formas en que puedes hacer del mango la estrella de tu celebraci\u00f3n de verano esta temporada!<\/p>\n","protected":false},"excerpt":{"rendered":"<p>\u00a1No hay fiesta como una fiesta de mango! Este verano, vence el calor e infunde un poco de alegr\u00eda en tus reuniones en el patio trasero con la adici\u00f3n del [&#8230;]<\/p>\n<p><a class=\"btn btn-secondary understrap-read-more-link\" href=\"https:\/\/www.mango.org\/es\/celebracion\/\">Leer m\u00e1s&#8230;<span class=\"screen-reader-text\"> from Celebracion<\/span><\/a><\/p>\n","protected":false},"author":44,"featured_media":60202,"parent":0,"menu_order":0,"comment_status":"closed","ping_status":"closed","template":"page-templates\/hub-template.php","meta":{"_acf_changed":false,"footnotes":""},"class_list":["post-62938","page","type-page","status-publish","has-post-thumbnail","hentry"],"acf":[],"_links":{"self":[{"href":"https:\/\/www.mango.org\/es\/wp-json\/wp\/v2\/pages\/62938","targetHints":{"allow":["GET"]}}],"collection":[{"href":"https:\/\/www.mango.org\/es\/wp-json\/wp\/v2\/pages"}],"about":[{"href":"https:\/\/www.mango.org\/es\/wp-json\/wp\/v2\/types\/page"}],"author":[{"embeddable":true,"href":"https:\/\/www.mango.org\/es\/wp-json\/wp\/v2\/users\/44"}],"replies":[{"embeddable":true,"href":"https:\/\/www.mango.org\/es\/wp-json\/wp\/v2\/comments?post=62938"}],"version-history":[{"count":0,"href":"https:\/\/www.mango.org\/es\/wp-json\/wp\/v2\/pages\/62938\/revisions"}],"wp:featuredmedia":[{"embeddable":true,"href":"https:\/\/www.mango.org\/es\/wp-json\/wp\/v2\/media\/60202"}],"wp:attachment":[{"href":"https:\/\/www.mango.org\/es\/wp-json\/wp\/v2\/media?parent=62938"}],"curies":[{"name":"wp","href":"https:\/\/api.w.org\/{rel}","templated":true}]}}