{"id":62133,"date":"2024-06-14T14:18:26","date_gmt":"2024-06-14T18:18:26","guid":{"rendered":"https:\/\/www.mango.org\/education\/"},"modified":"2024-07-25T11:27:27","modified_gmt":"2024-07-25T15:27:27","slug":"educacion","status":"publish","type":"page","link":"https:\/\/www.mango.org\/es\/educacion\/","title":{"rendered":"Educacion"},"content":{"rendered":"<p>Los mangos son divertidos, sabrosos y muy vers\u00e1tiles. Aqu\u00ed te ense\u00f1aremos todas las formas de incorporar mangos en tu vida diaria.<\/p>\n","protected":false},"excerpt":{"rendered":"<p>Los mangos son divertidos, sabrosos y muy vers\u00e1tiles. Aqu\u00ed te ense\u00f1aremos todas las formas de incorporar mangos en tu vida diaria. [&#8230;]<\/p>\n<p><a class=\"btn btn-secondary understrap-read-more-link\" href=\"https:\/\/www.mango.org\/es\/educacion\/\">Leer m\u00e1s&#8230;<span class=\"screen-reader-text\"> from Educacion<\/span><\/a><\/p>\n","protected":false},"author":44,"featured_media":0,"parent":0,"menu_order":0,"comment_status":"closed","ping_status":"closed","template":"page-templates\/hub-template.php","meta":{"_acf_changed":false,"footnotes":""},"class_list":["post-62133","page","type-page","status-publish","hentry"],"acf":[],"_links":{"self":[{"href":"https:\/\/www.mango.org\/es\/wp-json\/wp\/v2\/pages\/62133","targetHints":{"allow":["GET"]}}],"collection":[{"href":"https:\/\/www.mango.org\/es\/wp-json\/wp\/v2\/pages"}],"about":[{"href":"https:\/\/www.mango.org\/es\/wp-json\/wp\/v2\/types\/page"}],"author":[{"embeddable":true,"href":"https:\/\/www.mango.org\/es\/wp-json\/wp\/v2\/users\/44"}],"replies":[{"embeddable":true,"href":"https:\/\/www.mango.org\/es\/wp-json\/wp\/v2\/comments?post=62133"}],"version-history":[{"count":0,"href":"https:\/\/www.mango.org\/es\/wp-json\/wp\/v2\/pages\/62133\/revisions"}],"wp:attachment":[{"href":"https:\/\/www.mango.org\/es\/wp-json\/wp\/v2\/media?parent=62133"}],"curies":[{"name":"wp","href":"https:\/\/api.w.org\/{rel}","templated":true}]}}