{"id":51773,"date":"2023-07-21T02:46:23","date_gmt":"2023-07-21T06:46:23","guid":{"rendered":"http:\/\/www.mango.org\/historias-de-origen-ecuado\/"},"modified":"2025-04-01T17:27:31","modified_gmt":"2025-04-01T21:27:31","slug":"ecuador","status":"publish","type":"page","link":"https:\/\/www.mango.org\/es\/historias-de-origen\/ecuador\/","title":{"rendered":"Historias de Origen Ecuador"},"content":{"rendered":"<p>Aumentando la apreciaci\u00f3n por la tierra, el mar y la comunidad: Desde Guayas hasta Gal\u00e1pagos, sienta el encanto mientras sigue al mango en un viaje a la tierra \u00fanica de Ecuador. Experimente la vitalidad y autenticidad mientras conoce a agricultores, chefs y conservacionistas que sirven a sus comunidades con pasi\u00f3n y compromiso.<\/p>\n","protected":false},"excerpt":{"rendered":"<p>Aumentando la apreciaci\u00f3n por la tierra, el mar y la comunidad: Desde Guayas hasta Gal\u00e1pagos, sienta el encanto mientras sigue al mango en un viaje a la tierra \u00fanica de [&#8230;]<\/p>\n<p><a class=\"btn btn-secondary understrap-read-more-link\" href=\"https:\/\/www.mango.org\/es\/historias-de-origen\/ecuador\/\">Leer m\u00e1s&#8230;<span class=\"screen-reader-text\"> from Historias de Origen Ecuador<\/span><\/a><\/p>\n","protected":false},"author":36,"featured_media":61209,"parent":48838,"menu_order":0,"comment_status":"closed","ping_status":"closed","template":"page-templates\/hub-template.php","meta":{"_acf_changed":false,"footnotes":""},"class_list":["post-51773","page","type-page","status-publish","has-post-thumbnail","hentry"],"acf":[],"_links":{"self":[{"href":"https:\/\/www.mango.org\/es\/wp-json\/wp\/v2\/pages\/51773","targetHints":{"allow":["GET"]}}],"collection":[{"href":"https:\/\/www.mango.org\/es\/wp-json\/wp\/v2\/pages"}],"about":[{"href":"https:\/\/www.mango.org\/es\/wp-json\/wp\/v2\/types\/page"}],"author":[{"embeddable":true,"href":"https:\/\/www.mango.org\/es\/wp-json\/wp\/v2\/users\/36"}],"replies":[{"embeddable":true,"href":"https:\/\/www.mango.org\/es\/wp-json\/wp\/v2\/comments?post=51773"}],"version-history":[{"count":0,"href":"https:\/\/www.mango.org\/es\/wp-json\/wp\/v2\/pages\/51773\/revisions"}],"up":[{"embeddable":true,"href":"https:\/\/www.mango.org\/es\/wp-json\/wp\/v2\/pages\/48838"}],"wp:featuredmedia":[{"embeddable":true,"href":"https:\/\/www.mango.org\/es\/wp-json\/wp\/v2\/media\/61209"}],"wp:attachment":[{"href":"https:\/\/www.mango.org\/es\/wp-json\/wp\/v2\/media?parent=51773"}],"curies":[{"name":"wp","href":"https:\/\/api.w.org\/{rel}","templated":true}]}}