{"id":48842,"date":"2022-07-20T02:43:59","date_gmt":"2022-07-20T06:43:59","guid":{"rendered":"http:\/\/www.mango.org\/mexico\/"},"modified":"2025-04-01T16:59:53","modified_gmt":"2025-04-01T20:59:53","slug":"mexico","status":"publish","type":"page","link":"https:\/\/www.mango.org\/es\/historias-de-origen\/mexico\/","title":{"rendered":"Historias de Origen Mexico"},"content":{"rendered":"<p>Desde la mesa familiar hasta una fiesta de barrio, M\u00e9xico lleva el mango a cada celebraci\u00f3n. Descubre la tradici\u00f3n, el esp\u00edritu y la magia de M\u00e9xico a trav\u00e9s de los ojos y corazones de los locales.<\/p>\n","protected":false},"excerpt":{"rendered":"<p>Desde la mesa familiar hasta una fiesta de barrio, M\u00e9xico lleva el mango a cada celebraci\u00f3n. Descubre la tradici\u00f3n, el esp\u00edritu y la magia de M\u00e9xico a trav\u00e9s de los [&#8230;]<\/p>\n<p><a class=\"btn btn-secondary understrap-read-more-link\" href=\"https:\/\/www.mango.org\/es\/historias-de-origen\/mexico\/\">Leer m\u00e1s&#8230;<span class=\"screen-reader-text\"> from Historias de Origen Mexico<\/span><\/a><\/p>\n","protected":false},"author":36,"featured_media":60648,"parent":48838,"menu_order":0,"comment_status":"closed","ping_status":"closed","template":"page-templates\/hub-template.php","meta":{"_acf_changed":false,"footnotes":""},"class_list":["post-48842","page","type-page","status-publish","has-post-thumbnail","hentry"],"acf":[],"_links":{"self":[{"href":"https:\/\/www.mango.org\/es\/wp-json\/wp\/v2\/pages\/48842","targetHints":{"allow":["GET"]}}],"collection":[{"href":"https:\/\/www.mango.org\/es\/wp-json\/wp\/v2\/pages"}],"about":[{"href":"https:\/\/www.mango.org\/es\/wp-json\/wp\/v2\/types\/page"}],"author":[{"embeddable":true,"href":"https:\/\/www.mango.org\/es\/wp-json\/wp\/v2\/users\/36"}],"replies":[{"embeddable":true,"href":"https:\/\/www.mango.org\/es\/wp-json\/wp\/v2\/comments?post=48842"}],"version-history":[{"count":0,"href":"https:\/\/www.mango.org\/es\/wp-json\/wp\/v2\/pages\/48842\/revisions"}],"up":[{"embeddable":true,"href":"https:\/\/www.mango.org\/es\/wp-json\/wp\/v2\/pages\/48838"}],"wp:featuredmedia":[{"embeddable":true,"href":"https:\/\/www.mango.org\/es\/wp-json\/wp\/v2\/media\/60648"}],"wp:attachment":[{"href":"https:\/\/www.mango.org\/es\/wp-json\/wp\/v2\/media?parent=48842"}],"curies":[{"name":"wp","href":"https:\/\/api.w.org\/{rel}","templated":true}]}}