{"id":44011,"date":"2022-01-11T16:29:38","date_gmt":"2022-01-11T16:29:38","guid":{"rendered":"http:\/\/www.mango.org\/sobre-del-mango\/"},"modified":"2024-07-25T01:13:49","modified_gmt":"2024-07-25T05:13:49","slug":"sobre-del-mango","status":"publish","type":"page","link":"https:\/\/www.mango.org\/es\/sobre-del-mango\/","title":{"rendered":"Sobre Del Mango"},"content":{"rendered":"<p>Quiz\u00e1s estemos un poco sesgados, pero creemos que los mangos son bastante geniales. De hecho, son la fruta m\u00e1s genial que hay, aportando un golpe nutricional, presumiendo de una rica importancia cultural e hist\u00f3rica y, por supuesto, rebosando de sabor infusionado con alegr\u00eda.<\/p>\n","protected":false},"excerpt":{"rendered":"<p>Quiz\u00e1s estemos un poco sesgados, pero creemos que los mangos son bastante geniales. De hecho, son la fruta m\u00e1s genial que hay, aportando un golpe nutricional, presumiendo de una rica [&#8230;]<\/p>\n<p><a class=\"btn btn-secondary understrap-read-more-link\" href=\"https:\/\/www.mango.org\/es\/sobre-del-mango\/\">Leer m\u00e1s&#8230;<span class=\"screen-reader-text\"> from Sobre Del Mango<\/span><\/a><\/p>\n","protected":false},"author":36,"featured_media":47944,"parent":0,"menu_order":0,"comment_status":"closed","ping_status":"closed","template":"page-templates\/hub-template.php","meta":{"_acf_changed":false,"footnotes":""},"class_list":["post-44011","page","type-page","status-publish","has-post-thumbnail","hentry"],"acf":[],"_links":{"self":[{"href":"https:\/\/www.mango.org\/es\/wp-json\/wp\/v2\/pages\/44011","targetHints":{"allow":["GET"]}}],"collection":[{"href":"https:\/\/www.mango.org\/es\/wp-json\/wp\/v2\/pages"}],"about":[{"href":"https:\/\/www.mango.org\/es\/wp-json\/wp\/v2\/types\/page"}],"author":[{"embeddable":true,"href":"https:\/\/www.mango.org\/es\/wp-json\/wp\/v2\/users\/36"}],"replies":[{"embeddable":true,"href":"https:\/\/www.mango.org\/es\/wp-json\/wp\/v2\/comments?post=44011"}],"version-history":[{"count":0,"href":"https:\/\/www.mango.org\/es\/wp-json\/wp\/v2\/pages\/44011\/revisions"}],"wp:featuredmedia":[{"embeddable":true,"href":"https:\/\/www.mango.org\/es\/wp-json\/wp\/v2\/media\/47944"}],"wp:attachment":[{"href":"https:\/\/www.mango.org\/es\/wp-json\/wp\/v2\/media?parent=44011"}],"curies":[{"name":"wp","href":"https:\/\/api.w.org\/{rel}","templated":true}]}}