{"id":43979,"date":"2022-01-11T06:39:41","date_gmt":"2022-01-11T06:39:41","guid":{"rendered":"http:\/\/www.mango.org\/formulario-de-base-de-datos-de-proveedores\/"},"modified":"2024-07-24T16:28:29","modified_gmt":"2024-07-24T20:28:29","slug":"formulario-de-base-de-datos-de-proveedores","status":"publish","type":"page","link":"https:\/\/www.mango.org\/es\/industria-del-mango\/formulario-de-base-de-datos-de-proveedores\/","title":{"rendered":"Formulario de base de datos de proveedores"},"content":{"rendered":"<p>Si desea que la informaci\u00f3n de su empresa sea visible para otros miembros de la industria que buscan proveedores de mangos, complete y firme la informaci\u00f3n a continuaci\u00f3n. Su informaci\u00f3n se incluir\u00e1 en nuestro sitio web en <a href=\"https:\/\/www.mango.org\/es\/industria-del-mango\/encontrar-proveedores\/\">https:\/\/www.mango.org\/es\/industria-del-mango\/encontrar-proveedores\/<\/a>.<\/p>\n<p>Los campos marcados con un * son obligatorios.<\/p>\n","protected":false},"excerpt":{"rendered":"<p>Si desea que la informaci\u00f3n de su empresa sea visible para otros miembros de la industria que buscan proveedores de mangos, complete y firme la informaci\u00f3n a continuaci\u00f3n. Su informaci\u00f3n [&#8230;]<\/p>\n<p><a class=\"btn btn-secondary understrap-read-more-link\" href=\"https:\/\/www.mango.org\/es\/industria-del-mango\/formulario-de-base-de-datos-de-proveedores\/\">Leer m\u00e1s&#8230;<span class=\"screen-reader-text\"> from Formulario de base de datos de proveedores<\/span><\/a><\/p>\n","protected":false},"author":36,"featured_media":32676,"parent":63198,"menu_order":0,"comment_status":"closed","ping_status":"closed","template":"page-templates\/hub-template.php","meta":{"_acf_changed":false,"footnotes":""},"class_list":["post-43979","page","type-page","status-publish","has-post-thumbnail","hentry"],"acf":[],"_links":{"self":[{"href":"https:\/\/www.mango.org\/es\/wp-json\/wp\/v2\/pages\/43979","targetHints":{"allow":["GET"]}}],"collection":[{"href":"https:\/\/www.mango.org\/es\/wp-json\/wp\/v2\/pages"}],"about":[{"href":"https:\/\/www.mango.org\/es\/wp-json\/wp\/v2\/types\/page"}],"author":[{"embeddable":true,"href":"https:\/\/www.mango.org\/es\/wp-json\/wp\/v2\/users\/36"}],"replies":[{"embeddable":true,"href":"https:\/\/www.mango.org\/es\/wp-json\/wp\/v2\/comments?post=43979"}],"version-history":[{"count":0,"href":"https:\/\/www.mango.org\/es\/wp-json\/wp\/v2\/pages\/43979\/revisions"}],"up":[{"embeddable":true,"href":"https:\/\/www.mango.org\/es\/wp-json\/wp\/v2\/pages\/63198"}],"wp:featuredmedia":[{"embeddable":true,"href":"https:\/\/www.mango.org\/es\/wp-json\/wp\/v2\/media\/32676"}],"wp:attachment":[{"href":"https:\/\/www.mango.org\/es\/wp-json\/wp\/v2\/media?parent=43979"}],"curies":[{"name":"wp","href":"https:\/\/api.w.org\/{rel}","templated":true}]}}