{"id":43960,"date":"2022-01-11T06:34:04","date_gmt":"2022-01-11T06:34:04","guid":{"rendered":"http:\/\/www.mango.org\/sobre-la-nmb\/como-funciona-el-nmb\/premios-y-reconocimientos\/"},"modified":"2024-07-25T00:31:19","modified_gmt":"2024-07-25T04:31:19","slug":"premios-y-reconocimientos","status":"publish","type":"page","link":"https:\/\/www.mango.org\/es\/sobre-la-nmb\/premios-y-reconocimientos\/","title":{"rendered":"Premios y reconocimientos"},"content":{"rendered":"<div id=\"x-section-2\" class=\"x-section\">\n<div id=\"\" class=\"x-container max width\">\n<div class=\"x-column x-sm x-1-1\">\n<div id=\"\" class=\"x-text\">\n<p>Desde 2005, la Junta Nacional del Mango se ha esforzado por apoyar a la industria del mango a trav\u00e9s de campa\u00f1as de marketing innovadoras, importantes proyectos de investigaci\u00f3n y alcance directo a la industria. Estos esfuerzos han sido reconocidos por una serie de organizaciones a lo largo de los a\u00f1os. Siga leyendo para ver los premios que ha recibido el equipo de la NMB.<\/p>\n<\/div>\n<\/div>\n<\/div>\n<\/div>\n","protected":false},"excerpt":{"rendered":"<p>Desde 2005, la Junta Nacional del Mango se ha esforzado por apoyar a la industria del mango a trav\u00e9s de campa\u00f1as de marketing innovadoras, importantes proyectos de investigaci\u00f3n y alcance [&#8230;]<\/p>\n<p><a class=\"btn btn-secondary understrap-read-more-link\" href=\"https:\/\/www.mango.org\/es\/sobre-la-nmb\/premios-y-reconocimientos\/\">Leer m\u00e1s&#8230;<span class=\"screen-reader-text\"> from Premios y reconocimientos<\/span><\/a><\/p>\n","protected":false},"author":36,"featured_media":60654,"parent":43759,"menu_order":0,"comment_status":"closed","ping_status":"closed","template":"page-templates\/hub-template.php","meta":{"_acf_changed":false,"footnotes":""},"class_list":["post-43960","page","type-page","status-publish","has-post-thumbnail","hentry"],"acf":[],"_links":{"self":[{"href":"https:\/\/www.mango.org\/es\/wp-json\/wp\/v2\/pages\/43960","targetHints":{"allow":["GET"]}}],"collection":[{"href":"https:\/\/www.mango.org\/es\/wp-json\/wp\/v2\/pages"}],"about":[{"href":"https:\/\/www.mango.org\/es\/wp-json\/wp\/v2\/types\/page"}],"author":[{"embeddable":true,"href":"https:\/\/www.mango.org\/es\/wp-json\/wp\/v2\/users\/36"}],"replies":[{"embeddable":true,"href":"https:\/\/www.mango.org\/es\/wp-json\/wp\/v2\/comments?post=43960"}],"version-history":[{"count":0,"href":"https:\/\/www.mango.org\/es\/wp-json\/wp\/v2\/pages\/43960\/revisions"}],"up":[{"embeddable":true,"href":"https:\/\/www.mango.org\/es\/wp-json\/wp\/v2\/pages\/43759"}],"wp:featuredmedia":[{"embeddable":true,"href":"https:\/\/www.mango.org\/es\/wp-json\/wp\/v2\/media\/60654"}],"wp:attachment":[{"href":"https:\/\/www.mango.org\/es\/wp-json\/wp\/v2\/media?parent=43960"}],"curies":[{"name":"wp","href":"https:\/\/api.w.org\/{rel}","templated":true}]}}