{"id":43958,"date":"2022-01-11T06:33:12","date_gmt":"2022-01-11T06:33:12","guid":{"rendered":"http:\/\/www.mango.org\/profesionales\/servicio-de-comida\/recetas-de-servicio-de-alimentos-del-culinary-institute-of-america\/"},"modified":"2024-07-25T00:59:14","modified_gmt":"2024-07-25T04:59:14","slug":"recetas-de-servicio-de-alimentos-del-culinary-institute-of-america","status":"publish","type":"page","link":"https:\/\/www.mango.org\/es\/servicio-alimentario\/recetas-de-servicio-de-alimentos-del-culinary-institute-of-america\/","title":{"rendered":"Recetas de servicio de alimentos del Culinary Institute of America"},"content":{"rendered":"<p>Conoces el mango por su color llamativo y su delicioso sabor tropical. Mango agrega dimensi\u00f3n a las recetas: calientes o fr\u00edas, saladas o dulces. Tan nutritivo como delicioso, no es de extra\u00f1ar que el mango sea una de las frutas m\u00e1s populares del mundo. La disponibilidad de mango fresco durante todo el a\u00f1o y su incre\u00edble versatilidad facilitan la planificaci\u00f3n de men\u00fas especiales diarios, mensuales y de temporada. Echa un vistazo a cinco recetas nuevas creadas en colaboraci\u00f3n con el\u00a0<a class=\"exitNotifierLink\" href=\"https:\/\/www.ciaprochef.com\/mango\/\">Instituto Culinario de Am\u00e9rica<\/a>\u00a0para conocer formas innovadoras de agregar mango a tu men\u00fa.<\/p>\n","protected":false},"excerpt":{"rendered":"<p>Conoces el mango por su color llamativo y su delicioso sabor tropical. Mango agrega dimensi\u00f3n a las recetas: calientes o fr\u00edas, saladas o dulces. Tan nutritivo como delicioso, no es [&#8230;]<\/p>\n<p><a class=\"btn btn-secondary understrap-read-more-link\" href=\"https:\/\/www.mango.org\/es\/servicio-alimentario\/recetas-de-servicio-de-alimentos-del-culinary-institute-of-america\/\">Leer m\u00e1s&#8230;<span class=\"screen-reader-text\"> from Recetas de servicio de alimentos del Culinary Institute of America<\/span><\/a><\/p>\n","protected":false},"author":36,"featured_media":38970,"parent":63327,"menu_order":0,"comment_status":"closed","ping_status":"closed","template":"page-templates\/hub-template.php","meta":{"_acf_changed":false,"footnotes":""},"class_list":["post-43958","page","type-page","status-publish","has-post-thumbnail","hentry"],"acf":[],"_links":{"self":[{"href":"https:\/\/www.mango.org\/es\/wp-json\/wp\/v2\/pages\/43958","targetHints":{"allow":["GET"]}}],"collection":[{"href":"https:\/\/www.mango.org\/es\/wp-json\/wp\/v2\/pages"}],"about":[{"href":"https:\/\/www.mango.org\/es\/wp-json\/wp\/v2\/types\/page"}],"author":[{"embeddable":true,"href":"https:\/\/www.mango.org\/es\/wp-json\/wp\/v2\/users\/36"}],"replies":[{"embeddable":true,"href":"https:\/\/www.mango.org\/es\/wp-json\/wp\/v2\/comments?post=43958"}],"version-history":[{"count":0,"href":"https:\/\/www.mango.org\/es\/wp-json\/wp\/v2\/pages\/43958\/revisions"}],"up":[{"embeddable":true,"href":"https:\/\/www.mango.org\/es\/wp-json\/wp\/v2\/pages\/63327"}],"wp:featuredmedia":[{"embeddable":true,"href":"https:\/\/www.mango.org\/es\/wp-json\/wp\/v2\/media\/38970"}],"wp:attachment":[{"href":"https:\/\/www.mango.org\/es\/wp-json\/wp\/v2\/media?parent=43958"}],"curies":[{"name":"wp","href":"https:\/\/api.w.org\/{rel}","templated":true}]}}