{"id":43917,"date":"2022-01-10T17:28:59","date_gmt":"2022-01-10T17:28:59","guid":{"rendered":"http:\/\/www.mango.org\/encontrar-proveedores\/"},"modified":"2024-07-17T18:52:58","modified_gmt":"2024-07-17T22:52:58","slug":"encontrar-proveedores","status":"publish","type":"page","link":"https:\/\/www.mango.org\/es\/industria-del-mango\/encontrar-proveedores\/","title":{"rendered":"Encontrar Proveedores"},"content":{"rendered":"<p>La cadena de suministro de mango est\u00e1 compuesta por miles de personas trabajadoras de cientos de empresas, tanto en los Estados Unidos como en el extranjero. Todas las empresas enumeradas en esta base de datos consultable han dado al NMB permiso por escrito para incluir su informaci\u00f3n aqu\u00ed.<\/p>\n<p>Si desempe\u00f1as un papel en la cadena de suministro de mango y te gustar\u00eda aparecer en la lista, por favor completa el formulario de permiso, que est\u00e1 disponible aqu\u00ed en ingl\u00e9s o espa\u00f1ol.<\/p>\n","protected":false},"excerpt":{"rendered":"<p>La cadena de suministro de mango est\u00e1 compuesta por miles de personas trabajadoras de cientos de empresas, tanto en los Estados Unidos como en el extranjero. Todas las empresas enumeradas [&#8230;]<\/p>\n<p><a class=\"btn btn-secondary understrap-read-more-link\" href=\"https:\/\/www.mango.org\/es\/industria-del-mango\/encontrar-proveedores\/\">Leer m\u00e1s&#8230;<span class=\"screen-reader-text\"> from Encontrar Proveedores<\/span><\/a><\/p>\n","protected":false},"author":36,"featured_media":61035,"parent":63198,"menu_order":0,"comment_status":"closed","ping_status":"closed","template":"page-templates\/hub-template.php","meta":{"_acf_changed":false,"footnotes":""},"class_list":["post-43917","page","type-page","status-publish","has-post-thumbnail","hentry"],"acf":[],"_links":{"self":[{"href":"https:\/\/www.mango.org\/es\/wp-json\/wp\/v2\/pages\/43917","targetHints":{"allow":["GET"]}}],"collection":[{"href":"https:\/\/www.mango.org\/es\/wp-json\/wp\/v2\/pages"}],"about":[{"href":"https:\/\/www.mango.org\/es\/wp-json\/wp\/v2\/types\/page"}],"author":[{"embeddable":true,"href":"https:\/\/www.mango.org\/es\/wp-json\/wp\/v2\/users\/36"}],"replies":[{"embeddable":true,"href":"https:\/\/www.mango.org\/es\/wp-json\/wp\/v2\/comments?post=43917"}],"version-history":[{"count":0,"href":"https:\/\/www.mango.org\/es\/wp-json\/wp\/v2\/pages\/43917\/revisions"}],"up":[{"embeddable":true,"href":"https:\/\/www.mango.org\/es\/wp-json\/wp\/v2\/pages\/63198"}],"wp:featuredmedia":[{"embeddable":true,"href":"https:\/\/www.mango.org\/es\/wp-json\/wp\/v2\/media\/61035"}],"wp:attachment":[{"href":"https:\/\/www.mango.org\/es\/wp-json\/wp\/v2\/media?parent=43917"}],"curies":[{"name":"wp","href":"https:\/\/api.w.org\/{rel}","templated":true}]}}