{"id":43916,"date":"2022-01-10T17:28:58","date_gmt":"2022-01-10T17:28:58","guid":{"rendered":"http:\/\/www.mango.org\/programas-de-marketing\/"},"modified":"2024-07-25T01:03:19","modified_gmt":"2024-07-25T05:03:19","slug":"programas-de-marketing","status":"publish","type":"page","link":"https:\/\/www.mango.org\/es\/sobre-la-nmb\/que-esta-haciendo-la-nmb\/programas-de-marketing\/","title":{"rendered":"Programas de marketing"},"content":{"rendered":"<p>El programa de mercadeo est\u00e1 dise\u00f1ado para educar y llegar a los consumidores en los EE. UU. para que elijan mangos con m\u00e1s frecuencia en las tiendas de abarrotes y las avenidas de servicio de alimentos. Los esfuerzos de mercadeo de la NMB buscan conectar e impulsar la concientizaci\u00f3n sobre el mango entre los consumidores, educar a los minoristas y alentar las promociones del mango, e inspirar a los chefs y operadores de servicios de alimentos a aumentar los art\u00edculos de mango fresco en los men\u00fas. Cada uno de los objetivos de marketing de la NMB se cre\u00f3 para respaldar la misi\u00f3n de la NMB de impulsar el consumo de mango fresco en los EE. UU.<\/p>\n","protected":false},"excerpt":{"rendered":"<p>El programa de mercadeo est\u00e1 dise\u00f1ado para educar y llegar a los consumidores en los EE. UU. para que elijan mangos con m\u00e1s frecuencia en las tiendas de abarrotes y [&#8230;]<\/p>\n<p><a class=\"btn btn-secondary understrap-read-more-link\" href=\"https:\/\/www.mango.org\/es\/sobre-la-nmb\/que-esta-haciendo-la-nmb\/programas-de-marketing\/\">Leer m\u00e1s&#8230;<span class=\"screen-reader-text\"> from Programas de marketing<\/span><\/a><\/p>\n","protected":false},"author":36,"featured_media":61119,"parent":43927,"menu_order":0,"comment_status":"closed","ping_status":"closed","template":"page-templates\/hub-template.php","meta":{"_acf_changed":false,"footnotes":""},"class_list":["post-43916","page","type-page","status-publish","has-post-thumbnail","hentry"],"acf":[],"_links":{"self":[{"href":"https:\/\/www.mango.org\/es\/wp-json\/wp\/v2\/pages\/43916","targetHints":{"allow":["GET"]}}],"collection":[{"href":"https:\/\/www.mango.org\/es\/wp-json\/wp\/v2\/pages"}],"about":[{"href":"https:\/\/www.mango.org\/es\/wp-json\/wp\/v2\/types\/page"}],"author":[{"embeddable":true,"href":"https:\/\/www.mango.org\/es\/wp-json\/wp\/v2\/users\/36"}],"replies":[{"embeddable":true,"href":"https:\/\/www.mango.org\/es\/wp-json\/wp\/v2\/comments?post=43916"}],"version-history":[{"count":0,"href":"https:\/\/www.mango.org\/es\/wp-json\/wp\/v2\/pages\/43916\/revisions"}],"up":[{"embeddable":true,"href":"https:\/\/www.mango.org\/es\/wp-json\/wp\/v2\/pages\/43927"}],"wp:featuredmedia":[{"embeddable":true,"href":"https:\/\/www.mango.org\/es\/wp-json\/wp\/v2\/media\/61119"}],"wp:attachment":[{"href":"https:\/\/www.mango.org\/es\/wp-json\/wp\/v2\/media?parent=43916"}],"curies":[{"name":"wp","href":"https:\/\/api.w.org\/{rel}","templated":true}]}}