{"id":43914,"date":"2022-01-10T17:28:55","date_gmt":"2022-01-10T17:28:55","guid":{"rendered":"http:\/\/www.mango.org\/programa-de-investigacion-y-relaciones-con-la-industria\/"},"modified":"2024-07-25T00:48:40","modified_gmt":"2024-07-25T04:48:40","slug":"programa-de-investigacion-y-relaciones-con-la-industria","status":"publish","type":"page","link":"https:\/\/www.mango.org\/es\/sobre-la-nmb\/que-esta-haciendo-la-nmb\/programa-de-investigacion-y-relaciones-con-la-industria\/","title":{"rendered":"Programa de investigaci\u00f3n y relaciones con la industria"},"content":{"rendered":"<p>El \u00e9xito para la Junta Nacional del Mango es el \u00e9xito en toda la industria del mango. Encuentra nuestros recursos del Programa de Investigaci\u00f3n y Relaciones Industriales a continuaci\u00f3n.<\/p>\n","protected":false},"excerpt":{"rendered":"<p>El \u00e9xito para la Junta Nacional del Mango es el \u00e9xito en toda la industria del mango. Encuentra nuestros recursos del Programa de Investigaci\u00f3n y Relaciones Industriales a continuaci\u00f3n. [&#8230;]<\/p>\n<p><a class=\"btn btn-secondary understrap-read-more-link\" href=\"https:\/\/www.mango.org\/es\/sobre-la-nmb\/que-esta-haciendo-la-nmb\/programa-de-investigacion-y-relaciones-con-la-industria\/\">Leer m\u00e1s&#8230;<span class=\"screen-reader-text\"> from Programa de investigaci\u00f3n y relaciones con la industria<\/span><\/a><\/p>\n","protected":false},"author":36,"featured_media":61663,"parent":43927,"menu_order":0,"comment_status":"closed","ping_status":"closed","template":"page-templates\/hub-template.php","meta":{"_acf_changed":false,"footnotes":""},"class_list":["post-43914","page","type-page","status-publish","has-post-thumbnail","hentry"],"acf":[],"_links":{"self":[{"href":"https:\/\/www.mango.org\/es\/wp-json\/wp\/v2\/pages\/43914","targetHints":{"allow":["GET"]}}],"collection":[{"href":"https:\/\/www.mango.org\/es\/wp-json\/wp\/v2\/pages"}],"about":[{"href":"https:\/\/www.mango.org\/es\/wp-json\/wp\/v2\/types\/page"}],"author":[{"embeddable":true,"href":"https:\/\/www.mango.org\/es\/wp-json\/wp\/v2\/users\/36"}],"replies":[{"embeddable":true,"href":"https:\/\/www.mango.org\/es\/wp-json\/wp\/v2\/comments?post=43914"}],"version-history":[{"count":0,"href":"https:\/\/www.mango.org\/es\/wp-json\/wp\/v2\/pages\/43914\/revisions"}],"up":[{"embeddable":true,"href":"https:\/\/www.mango.org\/es\/wp-json\/wp\/v2\/pages\/43927"}],"wp:featuredmedia":[{"embeddable":true,"href":"https:\/\/www.mango.org\/es\/wp-json\/wp\/v2\/media\/61663"}],"wp:attachment":[{"href":"https:\/\/www.mango.org\/es\/wp-json\/wp\/v2\/media?parent=43914"}],"curies":[{"name":"wp","href":"https:\/\/api.w.org\/{rel}","templated":true}]}}