{"id":43902,"date":"2022-01-10T17:28:26","date_gmt":"2022-01-10T17:28:26","guid":{"rendered":"http:\/\/www.mango.org\/informacion-de-cultivos\/informe-de-cultivos-de-mango\/"},"modified":"2026-03-03T16:15:18","modified_gmt":"2026-03-03T21:15:18","slug":"informe-de-cultivos-de-mango","status":"publish","type":"page","link":"https:\/\/www.mango.org\/es\/industria-del-mango\/informacion-de-cultivos\/informe-de-cultivos-de-mango\/","title":{"rendered":"Informe de cultivos de mango"},"content":{"rendered":"<p>El Informe de cosecha de mango se actualiza semanalmente con informaci\u00f3n de los pa\u00edses que actualmente env\u00edan mangos, que comenzar\u00e1n a enviarlos pronto o que recientemente completaron el env\u00edo a los EE. UU.<\/p>\n","protected":false},"excerpt":{"rendered":"<p>El Informe de cosecha de mango se actualiza semanalmente con informaci\u00f3n de los pa\u00edses que actualmente env\u00edan mangos, que comenzar\u00e1n a enviarlos pronto o que recientemente completaron el env\u00edo a [&#8230;]<\/p>\n<p><a class=\"btn btn-secondary understrap-read-more-link\" href=\"https:\/\/www.mango.org\/es\/industria-del-mango\/informacion-de-cultivos\/informe-de-cultivos-de-mango\/\">Leer m\u00e1s&#8230;<span class=\"screen-reader-text\"> from Informe de cultivos de mango<\/span><\/a><\/p>\n","protected":false},"author":36,"featured_media":62202,"parent":43890,"menu_order":0,"comment_status":"closed","ping_status":"closed","template":"page-templates\/hub-template.php","meta":{"_acf_changed":false,"footnotes":""},"class_list":["post-43902","page","type-page","status-publish","has-post-thumbnail","hentry"],"acf":[],"_links":{"self":[{"href":"https:\/\/www.mango.org\/es\/wp-json\/wp\/v2\/pages\/43902","targetHints":{"allow":["GET"]}}],"collection":[{"href":"https:\/\/www.mango.org\/es\/wp-json\/wp\/v2\/pages"}],"about":[{"href":"https:\/\/www.mango.org\/es\/wp-json\/wp\/v2\/types\/page"}],"author":[{"embeddable":true,"href":"https:\/\/www.mango.org\/es\/wp-json\/wp\/v2\/users\/36"}],"replies":[{"embeddable":true,"href":"https:\/\/www.mango.org\/es\/wp-json\/wp\/v2\/comments?post=43902"}],"version-history":[{"count":0,"href":"https:\/\/www.mango.org\/es\/wp-json\/wp\/v2\/pages\/43902\/revisions"}],"up":[{"embeddable":true,"href":"https:\/\/www.mango.org\/es\/wp-json\/wp\/v2\/pages\/43890"}],"wp:featuredmedia":[{"embeddable":true,"href":"https:\/\/www.mango.org\/es\/wp-json\/wp\/v2\/media\/62202"}],"wp:attachment":[{"href":"https:\/\/www.mango.org\/es\/wp-json\/wp\/v2\/media?parent=43902"}],"curies":[{"name":"wp","href":"https:\/\/api.w.org\/{rel}","templated":true}]}}