{"id":43890,"date":"2022-01-10T17:27:54","date_gmt":"2022-01-10T17:27:54","guid":{"rendered":"http:\/\/www.mango.org\/informacion-de-cultivos\/"},"modified":"2024-07-25T00:53:25","modified_gmt":"2024-07-25T04:53:25","slug":"informacion-de-cultivos","status":"publish","type":"page","link":"https:\/\/www.mango.org\/es\/industria-del-mango\/informacion-de-cultivos\/","title":{"rendered":"Informaci\u00f3n de cultivos"},"content":{"rendered":"<div id=\"x-section-2\" class=\"x-section mango-connection\">\n<div id=\"\" class=\"x-container max width\">\n<div class=\"x-column x-sm x-1-1\">\n<div id=\"\" class=\"x-text\">\n<p>Por medio de la compartici\u00f3n abierta de informaci\u00f3n, cada persona en cada etapa de la cadena de suministro de mango puede informarse m\u00e1s acerca del mercado del mango y tomar mejores decisiones comerciales.<\/p>\n<\/div>\n<\/div>\n<\/div>\n<\/div>\n","protected":false},"excerpt":{"rendered":"<p>Por medio de la compartici\u00f3n abierta de informaci\u00f3n, cada persona en cada etapa de la cadena de suministro de mango puede informarse m\u00e1s acerca del mercado del mango y tomar [&#8230;]<\/p>\n<p><a class=\"btn btn-secondary understrap-read-more-link\" href=\"https:\/\/www.mango.org\/es\/industria-del-mango\/informacion-de-cultivos\/\">Leer m\u00e1s&#8230;<span class=\"screen-reader-text\"> from Informaci\u00f3n de cultivos<\/span><\/a><\/p>\n","protected":false},"author":36,"featured_media":61191,"parent":63198,"menu_order":0,"comment_status":"closed","ping_status":"closed","template":"page-templates\/hub-template.php","meta":{"_acf_changed":false,"footnotes":""},"class_list":["post-43890","page","type-page","status-publish","has-post-thumbnail","hentry"],"acf":[],"_links":{"self":[{"href":"https:\/\/www.mango.org\/es\/wp-json\/wp\/v2\/pages\/43890","targetHints":{"allow":["GET"]}}],"collection":[{"href":"https:\/\/www.mango.org\/es\/wp-json\/wp\/v2\/pages"}],"about":[{"href":"https:\/\/www.mango.org\/es\/wp-json\/wp\/v2\/types\/page"}],"author":[{"embeddable":true,"href":"https:\/\/www.mango.org\/es\/wp-json\/wp\/v2\/users\/36"}],"replies":[{"embeddable":true,"href":"https:\/\/www.mango.org\/es\/wp-json\/wp\/v2\/comments?post=43890"}],"version-history":[{"count":0,"href":"https:\/\/www.mango.org\/es\/wp-json\/wp\/v2\/pages\/43890\/revisions"}],"up":[{"embeddable":true,"href":"https:\/\/www.mango.org\/es\/wp-json\/wp\/v2\/pages\/63198"}],"wp:featuredmedia":[{"embeddable":true,"href":"https:\/\/www.mango.org\/es\/wp-json\/wp\/v2\/media\/61191"}],"wp:attachment":[{"href":"https:\/\/www.mango.org\/es\/wp-json\/wp\/v2\/media?parent=43890"}],"curies":[{"name":"wp","href":"https:\/\/api.w.org\/{rel}","templated":true}]}}