{"id":43877,"date":"2022-01-10T17:27:25","date_gmt":"2022-01-10T22:27:25","guid":{"rendered":"http:\/\/www.mango.org\/investigacion-del-mango\/"},"modified":"2024-08-30T17:02:45","modified_gmt":"2024-08-30T21:02:45","slug":"investigacion-del-mango","status":"publish","type":"page","link":"https:\/\/www.mango.org\/es\/investigacion-del-mango\/","title":{"rendered":"Investigaci\u00f3n del mango"},"content":{"rendered":"<p>Encuentre las \u00faltimas investigaciones sobre mangos de la propia National Mango Board y otras instituciones, que cubren temas relevantes para los profesionales del comercio minorista, el servicio de alimentos, la nutrici\u00f3n y la industria en general. Aprenda de los estudios que analizan las actitudes de los consumidores, los m\u00e9todos de protecci\u00f3n t\u00e9rmica y maduraci\u00f3n, y una variedad de otros recursos de nuestra creciente biblioteca de investigaci\u00f3n.<\/p>\n","protected":false},"excerpt":{"rendered":"<p>Encuentre las \u00faltimas investigaciones sobre mangos de la propia National Mango Board y otras instituciones, que cubren temas relevantes para los profesionales del comercio minorista, el servicio de alimentos, la [&#8230;]<\/p>\n<p><a class=\"btn btn-secondary understrap-read-more-link\" href=\"https:\/\/www.mango.org\/es\/investigacion-del-mango\/\">Leer m\u00e1s&#8230;<span class=\"screen-reader-text\"> from Investigaci\u00f3n del mango<\/span><\/a><\/p>\n","protected":false},"author":36,"featured_media":0,"parent":0,"menu_order":0,"comment_status":"closed","ping_status":"closed","template":"page-templates\/research-template.php","meta":{"_acf_changed":false,"footnotes":""},"class_list":["post-43877","page","type-page","status-publish","hentry"],"acf":[],"_links":{"self":[{"href":"https:\/\/www.mango.org\/es\/wp-json\/wp\/v2\/pages\/43877","targetHints":{"allow":["GET"]}}],"collection":[{"href":"https:\/\/www.mango.org\/es\/wp-json\/wp\/v2\/pages"}],"about":[{"href":"https:\/\/www.mango.org\/es\/wp-json\/wp\/v2\/types\/page"}],"author":[{"embeddable":true,"href":"https:\/\/www.mango.org\/es\/wp-json\/wp\/v2\/users\/36"}],"replies":[{"embeddable":true,"href":"https:\/\/www.mango.org\/es\/wp-json\/wp\/v2\/comments?post=43877"}],"version-history":[{"count":0,"href":"https:\/\/www.mango.org\/es\/wp-json\/wp\/v2\/pages\/43877\/revisions"}],"wp:attachment":[{"href":"https:\/\/www.mango.org\/es\/wp-json\/wp\/v2\/media?parent=43877"}],"curies":[{"name":"wp","href":"https:\/\/api.w.org\/{rel}","templated":true}]}}