{"id":43872,"date":"2022-01-10T17:19:14","date_gmt":"2022-01-10T17:19:14","guid":{"rendered":"http:\/\/www.mango.org\/mejorando-la-calidad-del-mango\/"},"modified":"2025-01-28T18:37:46","modified_gmt":"2025-01-28T23:37:46","slug":"mejorando-la-calidad-del-mango","status":"publish","type":"page","link":"https:\/\/www.mango.org\/es\/industria-del-mango\/mejorando-la-calidad-del-mango\/","title":{"rendered":"Mejorando la calidad del mango"},"content":{"rendered":"<p>El objetivo final del programa de calidad del mango es mejorar la calidad y consistencia del mango para el consumidor estadounidense, lo que fomentar\u00e1 compras repetidas, impulsar\u00e1 la demanda y fortalecer\u00e1 el mercado del mango.<\/p>\n","protected":false},"excerpt":{"rendered":"<p>El objetivo final del programa de calidad del mango es mejorar la calidad y consistencia del mango para el consumidor estadounidense, lo que fomentar\u00e1 compras repetidas, impulsar\u00e1 la demanda y [&#8230;]<\/p>\n<p><a class=\"btn btn-secondary understrap-read-more-link\" href=\"https:\/\/www.mango.org\/es\/industria-del-mango\/mejorando-la-calidad-del-mango\/\">Leer m\u00e1s&#8230;<span class=\"screen-reader-text\"> from Mejorando la calidad del mango<\/span><\/a><\/p>\n","protected":false},"author":36,"featured_media":60668,"parent":63198,"menu_order":0,"comment_status":"closed","ping_status":"closed","template":"page-templates\/hub-template.php","meta":{"_acf_changed":false,"footnotes":""},"class_list":["post-43872","page","type-page","status-publish","has-post-thumbnail","hentry"],"acf":[],"_links":{"self":[{"href":"https:\/\/www.mango.org\/es\/wp-json\/wp\/v2\/pages\/43872","targetHints":{"allow":["GET"]}}],"collection":[{"href":"https:\/\/www.mango.org\/es\/wp-json\/wp\/v2\/pages"}],"about":[{"href":"https:\/\/www.mango.org\/es\/wp-json\/wp\/v2\/types\/page"}],"author":[{"embeddable":true,"href":"https:\/\/www.mango.org\/es\/wp-json\/wp\/v2\/users\/36"}],"replies":[{"embeddable":true,"href":"https:\/\/www.mango.org\/es\/wp-json\/wp\/v2\/comments?post=43872"}],"version-history":[{"count":0,"href":"https:\/\/www.mango.org\/es\/wp-json\/wp\/v2\/pages\/43872\/revisions"}],"up":[{"embeddable":true,"href":"https:\/\/www.mango.org\/es\/wp-json\/wp\/v2\/pages\/63198"}],"wp:featuredmedia":[{"embeddable":true,"href":"https:\/\/www.mango.org\/es\/wp-json\/wp\/v2\/media\/60668"}],"wp:attachment":[{"href":"https:\/\/www.mango.org\/es\/wp-json\/wp\/v2\/media?parent=43872"}],"curies":[{"name":"wp","href":"https:\/\/api.w.org\/{rel}","templated":true}]}}