{"id":43864,"date":"2022-01-10T17:18:55","date_gmt":"2022-01-10T17:18:55","guid":{"rendered":"http:\/\/www.mango.org\/variedades-y-codigos-plu\/"},"modified":"2026-01-13T16:01:35","modified_gmt":"2026-01-13T21:01:35","slug":"variedades-y-codigos-plu","status":"publish","type":"page","link":"https:\/\/www.mango.org\/es\/industria-del-mango\/variedades-y-codigos-plu\/","title":{"rendered":"Variedades y c\u00f3digos PLU"},"content":{"rendered":"<p>A lo largo del a\u00f1o, es probable que encuentres al menos uno de los seis tipos de mango descritos a continuaci\u00f3n.<\/p>\n","protected":false},"excerpt":{"rendered":"<p>A lo largo del a\u00f1o, es probable que encuentres al menos uno de los seis tipos de mango descritos a continuaci\u00f3n. [&#8230;]<\/p>\n<p><a class=\"btn btn-secondary understrap-read-more-link\" href=\"https:\/\/www.mango.org\/es\/industria-del-mango\/variedades-y-codigos-plu\/\">Leer m\u00e1s&#8230;<span class=\"screen-reader-text\"> from Variedades y c\u00f3digos PLU<\/span><\/a><\/p>\n","protected":false},"author":36,"featured_media":60591,"parent":63198,"menu_order":0,"comment_status":"closed","ping_status":"closed","template":"page-templates\/hub-template.php","meta":{"_acf_changed":false,"footnotes":""},"class_list":["post-43864","page","type-page","status-publish","has-post-thumbnail","hentry"],"acf":[],"_links":{"self":[{"href":"https:\/\/www.mango.org\/es\/wp-json\/wp\/v2\/pages\/43864","targetHints":{"allow":["GET"]}}],"collection":[{"href":"https:\/\/www.mango.org\/es\/wp-json\/wp\/v2\/pages"}],"about":[{"href":"https:\/\/www.mango.org\/es\/wp-json\/wp\/v2\/types\/page"}],"author":[{"embeddable":true,"href":"https:\/\/www.mango.org\/es\/wp-json\/wp\/v2\/users\/36"}],"replies":[{"embeddable":true,"href":"https:\/\/www.mango.org\/es\/wp-json\/wp\/v2\/comments?post=43864"}],"version-history":[{"count":0,"href":"https:\/\/www.mango.org\/es\/wp-json\/wp\/v2\/pages\/43864\/revisions"}],"up":[{"embeddable":true,"href":"https:\/\/www.mango.org\/es\/wp-json\/wp\/v2\/pages\/63198"}],"wp:featuredmedia":[{"embeddable":true,"href":"https:\/\/www.mango.org\/es\/wp-json\/wp\/v2\/media\/60591"}],"wp:attachment":[{"href":"https:\/\/www.mango.org\/es\/wp-json\/wp\/v2\/media?parent=43864"}],"curies":[{"name":"wp","href":"https:\/\/api.w.org\/{rel}","templated":true}]}}