{"id":43839,"date":"2022-01-10T09:52:57","date_gmt":"2022-01-10T09:52:57","guid":{"rendered":"http:\/\/www.mango.org\/asar-mangos\/"},"modified":"2024-07-22T23:02:57","modified_gmt":"2024-07-23T03:02:57","slug":"asar-mangos","status":"publish","type":"page","link":"https:\/\/www.mango.org\/es\/asar-mangos\/","title":{"rendered":"Asar Mangos"},"content":{"rendered":"<p>Es tiempo de verano y tambi\u00e9n de hacer barbacoas, y los mangos son una excelente adici\u00f3n a los men\u00fas de parrilla. Muchos han asado tomates o pi\u00f1as durante a\u00f1os, \u00bfpero qu\u00e9 tal los mangos? El dorado de la parrilla carameliza perfectamente el mango para resaltar un sabor dulce y picante que encajar\u00e1 perfectamente en los men\u00fas tradicionales de barbacoa de verano.<\/p>\n<p>Llena los pinchos con mango fresco, calabac\u00edn u otras frutas y verduras, y glasea con una salsa teriyaki casera para darle un <a href=\"https:\/\/www.mango.org\/recipes\/grilled-teriyaki-mango-skewers\/\">nuevo giro a los sencillos kabobs<\/a>. O asa los mangos para usar en una deliciosa <a href=\"\/es\/recipes\/salsa-bbq-de-mango-a-la-parrilla\/\">salsa BBQ de mango asado<\/a>.<\/p>\n","protected":false},"excerpt":{"rendered":"<p>Es tiempo de verano y tambi\u00e9n de hacer barbacoas, y los mangos son una excelente adici\u00f3n a los men\u00fas de parrilla. Muchos han asado tomates o pi\u00f1as durante a\u00f1os, \u00bfpero [&#8230;]<\/p>\n<p><a class=\"btn btn-secondary understrap-read-more-link\" href=\"https:\/\/www.mango.org\/es\/asar-mangos\/\">Leer m\u00e1s&#8230;<span class=\"screen-reader-text\"> from Asar Mangos<\/span><\/a><\/p>\n","protected":false},"author":36,"featured_media":48216,"parent":0,"menu_order":0,"comment_status":"closed","ping_status":"closed","template":"page-templates\/hub-template.php","meta":{"_acf_changed":false,"footnotes":""},"class_list":["post-43839","page","type-page","status-publish","has-post-thumbnail","hentry"],"acf":[],"_links":{"self":[{"href":"https:\/\/www.mango.org\/es\/wp-json\/wp\/v2\/pages\/43839","targetHints":{"allow":["GET"]}}],"collection":[{"href":"https:\/\/www.mango.org\/es\/wp-json\/wp\/v2\/pages"}],"about":[{"href":"https:\/\/www.mango.org\/es\/wp-json\/wp\/v2\/types\/page"}],"author":[{"embeddable":true,"href":"https:\/\/www.mango.org\/es\/wp-json\/wp\/v2\/users\/36"}],"replies":[{"embeddable":true,"href":"https:\/\/www.mango.org\/es\/wp-json\/wp\/v2\/comments?post=43839"}],"version-history":[{"count":0,"href":"https:\/\/www.mango.org\/es\/wp-json\/wp\/v2\/pages\/43839\/revisions"}],"wp:featuredmedia":[{"embeddable":true,"href":"https:\/\/www.mango.org\/es\/wp-json\/wp\/v2\/media\/48216"}],"wp:attachment":[{"href":"https:\/\/www.mango.org\/es\/wp-json\/wp\/v2\/media?parent=43839"}],"curies":[{"name":"wp","href":"https:\/\/api.w.org\/{rel}","templated":true}]}}