{"id":43828,"date":"2022-01-10T07:19:47","date_gmt":"2022-01-10T07:19:47","guid":{"rendered":"http:\/\/www.mango.org\/variedades-y-disponibilidad\/"},"modified":"2024-07-17T14:18:31","modified_gmt":"2024-07-17T18:18:31","slug":"variedades-y-disponibilidad","status":"publish","type":"page","link":"https:\/\/www.mango.org\/es\/variedades-y-disponibilidad\/","title":{"rendered":"Variedades y Disponibilidad"},"content":{"rendered":"<p>A lo largo del a\u00f1o, es muy probable que encuentres al menos una de las seis variedades de mango descritas a continuaci\u00f3n. Cada variedad tiene un sabor y una textura \u00fanicos, as\u00ed que prueba diferentes tipos de mangos en diferentes etapas de madurez y en diferentes \u00e9pocas del a\u00f1o. Te alegrar\u00e1s de haberlo hecho.<\/p>\n","protected":false},"excerpt":{"rendered":"<p>A lo largo del a\u00f1o, es muy probable que encuentres al menos una de las seis variedades de mango descritas a continuaci\u00f3n. Cada variedad tiene un sabor y una textura [&#8230;]<\/p>\n<p><a class=\"btn btn-secondary understrap-read-more-link\" href=\"https:\/\/www.mango.org\/es\/variedades-y-disponibilidad\/\">Leer m\u00e1s&#8230;<span class=\"screen-reader-text\"> from Variedades y Disponibilidad<\/span><\/a><\/p>\n","protected":false},"author":36,"featured_media":60601,"parent":0,"menu_order":0,"comment_status":"closed","ping_status":"closed","template":"page-templates\/hub-template.php","meta":{"_acf_changed":false,"footnotes":""},"class_list":["post-43828","page","type-page","status-publish","has-post-thumbnail","hentry"],"acf":[],"_links":{"self":[{"href":"https:\/\/www.mango.org\/es\/wp-json\/wp\/v2\/pages\/43828","targetHints":{"allow":["GET"]}}],"collection":[{"href":"https:\/\/www.mango.org\/es\/wp-json\/wp\/v2\/pages"}],"about":[{"href":"https:\/\/www.mango.org\/es\/wp-json\/wp\/v2\/types\/page"}],"author":[{"embeddable":true,"href":"https:\/\/www.mango.org\/es\/wp-json\/wp\/v2\/users\/36"}],"replies":[{"embeddable":true,"href":"https:\/\/www.mango.org\/es\/wp-json\/wp\/v2\/comments?post=43828"}],"version-history":[{"count":0,"href":"https:\/\/www.mango.org\/es\/wp-json\/wp\/v2\/pages\/43828\/revisions"}],"wp:featuredmedia":[{"embeddable":true,"href":"https:\/\/www.mango.org\/es\/wp-json\/wp\/v2\/media\/60601"}],"wp:attachment":[{"href":"https:\/\/www.mango.org\/es\/wp-json\/wp\/v2\/media?parent=43828"}],"curies":[{"name":"wp","href":"https:\/\/api.w.org\/{rel}","templated":true}]}}