{"id":43804,"date":"2022-01-06T04:47:10","date_gmt":"2022-01-06T04:47:10","guid":{"rendered":"http:\/\/www.mango.org\/rollo-de-chef\/"},"modified":"2024-07-25T01:00:08","modified_gmt":"2024-07-25T05:00:08","slug":"rollo-de-chef","status":"publish","type":"page","link":"https:\/\/www.mango.org\/es\/servicio-alimentario\/rollo-de-chef\/","title":{"rendered":"Rollo de chef"},"content":{"rendered":"<div class=\"x-section e43804-e9 mxss-1\">\n<div class=\"x-row x-container max width e43804-e10 mxss-4 mxss-5 mxss-6 mxss-7\">\n<div class=\"x-row-inner\">\n<div class=\"x-col e43804-e11 mxss-i\">\n<div id=\"\" class=\"x-text cs-ta-center\">\n<p><a class=\"exitNotifierLink\" href=\"https:\/\/chefsroll.com\/\">Rollo de chef<\/a> es una comunidad culinaria global donde los chefs profesionales se re\u00fanen para compartir ideas e inspirarse a trav\u00e9s de la comida. Chef&#8217;s Roll funciona como una red entre pares para cocineros profesionales, chefs y tomadores de decisiones en el servicio de alimentos. Esta comunidad altamente especializada tiene una influencia, acceso y credibilidad \u00fanicos dentro del mercado de servicios de alimentos. Eche un vistazo a estos platos inspiradores creados en colaboraci\u00f3n con Chef&#8217;s Roll para conocer formas innovadoras de agregar mango a su men\u00fa.<\/p>\n<\/div>\n<\/div>\n<\/div>\n<\/div>\n<\/div>\n","protected":false},"excerpt":{"rendered":"<p>Rollo de chef es una comunidad culinaria global donde los chefs profesionales se re\u00fanen para compartir ideas e inspirarse a trav\u00e9s de la comida. Chef&#8217;s Roll funciona como una red [&#8230;]<\/p>\n<p><a class=\"btn btn-secondary understrap-read-more-link\" href=\"https:\/\/www.mango.org\/es\/servicio-alimentario\/rollo-de-chef\/\">Leer m\u00e1s&#8230;<span class=\"screen-reader-text\"> from Rollo de chef<\/span><\/a><\/p>\n","protected":false},"author":36,"featured_media":49119,"parent":63327,"menu_order":0,"comment_status":"closed","ping_status":"closed","template":"page-templates\/hub-template.php","meta":{"_acf_changed":false,"footnotes":""},"class_list":["post-43804","page","type-page","status-publish","has-post-thumbnail","hentry"],"acf":[],"_links":{"self":[{"href":"https:\/\/www.mango.org\/es\/wp-json\/wp\/v2\/pages\/43804","targetHints":{"allow":["GET"]}}],"collection":[{"href":"https:\/\/www.mango.org\/es\/wp-json\/wp\/v2\/pages"}],"about":[{"href":"https:\/\/www.mango.org\/es\/wp-json\/wp\/v2\/types\/page"}],"author":[{"embeddable":true,"href":"https:\/\/www.mango.org\/es\/wp-json\/wp\/v2\/users\/36"}],"replies":[{"embeddable":true,"href":"https:\/\/www.mango.org\/es\/wp-json\/wp\/v2\/comments?post=43804"}],"version-history":[{"count":0,"href":"https:\/\/www.mango.org\/es\/wp-json\/wp\/v2\/pages\/43804\/revisions"}],"up":[{"embeddable":true,"href":"https:\/\/www.mango.org\/es\/wp-json\/wp\/v2\/pages\/63327"}],"wp:featuredmedia":[{"embeddable":true,"href":"https:\/\/www.mango.org\/es\/wp-json\/wp\/v2\/media\/49119"}],"wp:attachment":[{"href":"https:\/\/www.mango.org\/es\/wp-json\/wp\/v2\/media?parent=43804"}],"curies":[{"name":"wp","href":"https:\/\/api.w.org\/{rel}","templated":true}]}}