{"id":43759,"date":"2022-01-03T10:50:20","date_gmt":"2022-01-03T10:50:20","guid":{"rendered":"http:\/\/www.mango.org\/sobre-la-nmb\/"},"modified":"2025-12-09T20:12:36","modified_gmt":"2025-12-10T01:12:36","slug":"sobre-la-nmb","status":"publish","type":"page","link":"https:\/\/www.mango.org\/es\/sobre-la-nmb\/","title":{"rendered":"Sobre la nmb"},"content":{"rendered":"<p>La misi\u00f3n del Consejo Nacional del Mango (NMB) es simple: estamos aqu\u00ed para inspirar a todos a saborear la alegr\u00eda en su vida diaria. A trav\u00e9s de la educaci\u00f3n sobre la nutrici\u00f3n, el sabor y la cultura del mango, esperamos inspirar a los clientes a disfrutar de mangos frescos de todas las formas posibles. Adem\u00e1s, proporcionamos recursos para que minoristas y profesionales del servicio de alimentos se conviertan en expertos en conectar al p\u00fablico con la fruta m\u00e1s llena de alegr\u00eda del mundo.<\/p>\n","protected":false},"excerpt":{"rendered":"<p>La misi\u00f3n del Consejo Nacional del Mango (NMB) es simple: estamos aqu\u00ed para inspirar a todos a saborear la alegr\u00eda en su vida diaria. A trav\u00e9s de la educaci\u00f3n sobre [&#8230;]<\/p>\n<p><a class=\"btn btn-secondary understrap-read-more-link\" href=\"https:\/\/www.mango.org\/es\/sobre-la-nmb\/\">Leer m\u00e1s&#8230;<span class=\"screen-reader-text\"> from Sobre la nmb<\/span><\/a><\/p>\n","protected":false},"author":36,"featured_media":60294,"parent":0,"menu_order":0,"comment_status":"closed","ping_status":"closed","template":"page-templates\/hub-template.php","meta":{"_acf_changed":false,"footnotes":""},"class_list":["post-43759","page","type-page","status-publish","has-post-thumbnail","hentry"],"acf":[],"_links":{"self":[{"href":"https:\/\/www.mango.org\/es\/wp-json\/wp\/v2\/pages\/43759","targetHints":{"allow":["GET"]}}],"collection":[{"href":"https:\/\/www.mango.org\/es\/wp-json\/wp\/v2\/pages"}],"about":[{"href":"https:\/\/www.mango.org\/es\/wp-json\/wp\/v2\/types\/page"}],"author":[{"embeddable":true,"href":"https:\/\/www.mango.org\/es\/wp-json\/wp\/v2\/users\/36"}],"replies":[{"embeddable":true,"href":"https:\/\/www.mango.org\/es\/wp-json\/wp\/v2\/comments?post=43759"}],"version-history":[{"count":0,"href":"https:\/\/www.mango.org\/es\/wp-json\/wp\/v2\/pages\/43759\/revisions"}],"wp:featuredmedia":[{"embeddable":true,"href":"https:\/\/www.mango.org\/es\/wp-json\/wp\/v2\/media\/60294"}],"wp:attachment":[{"href":"https:\/\/www.mango.org\/es\/wp-json\/wp\/v2\/media?parent=43759"}],"curies":[{"name":"wp","href":"https:\/\/api.w.org\/{rel}","templated":true}]}}