{"id":43757,"date":"2022-01-03T10:13:11","date_gmt":"2022-01-03T10:13:11","guid":{"rendered":"http:\/\/www.mango.org\/nutrition-del-mango\/"},"modified":"2025-09-02T19:38:51","modified_gmt":"2025-09-02T23:38:51","slug":"nutricion-del-mango","status":"publish","type":"page","link":"https:\/\/www.mango.org\/es\/nutricion-del-mango\/","title":{"rendered":"Nutriti\u00f3n Del Mango"},"content":{"rendered":"<p>Los mangos: tu nueva s\u00faper fruta favorita. Estas frutas ultra alegres y deliciosamente buenas ofrecen m\u00e1s de 20 vitaminas, minerales y antioxidantes. Ni siquiera los m\u00e1s exigentes pueden negarlo: los mangos son naturalmente deliciosos.<\/p>\n","protected":false},"excerpt":{"rendered":"<p>Los mangos: tu nueva s\u00faper fruta favorita. Estas frutas ultra alegres y deliciosamente buenas ofrecen m\u00e1s de 20 vitaminas, minerales y antioxidantes. Ni siquiera los m\u00e1s exigentes pueden negarlo: los [&#8230;]<\/p>\n<p><a class=\"btn btn-secondary understrap-read-more-link\" href=\"https:\/\/www.mango.org\/es\/nutricion-del-mango\/\">Leer m\u00e1s&#8230;<span class=\"screen-reader-text\"> from Nutriti\u00f3n Del Mango<\/span><\/a><\/p>\n","protected":false},"author":36,"featured_media":60574,"parent":0,"menu_order":0,"comment_status":"closed","ping_status":"closed","template":"page-templates\/hub-template.php","meta":{"_acf_changed":false,"footnotes":""},"class_list":["post-43757","page","type-page","status-publish","has-post-thumbnail","hentry"],"acf":[],"_links":{"self":[{"href":"https:\/\/www.mango.org\/es\/wp-json\/wp\/v2\/pages\/43757","targetHints":{"allow":["GET"]}}],"collection":[{"href":"https:\/\/www.mango.org\/es\/wp-json\/wp\/v2\/pages"}],"about":[{"href":"https:\/\/www.mango.org\/es\/wp-json\/wp\/v2\/types\/page"}],"author":[{"embeddable":true,"href":"https:\/\/www.mango.org\/es\/wp-json\/wp\/v2\/users\/36"}],"replies":[{"embeddable":true,"href":"https:\/\/www.mango.org\/es\/wp-json\/wp\/v2\/comments?post=43757"}],"version-history":[{"count":0,"href":"https:\/\/www.mango.org\/es\/wp-json\/wp\/v2\/pages\/43757\/revisions"}],"wp:featuredmedia":[{"embeddable":true,"href":"https:\/\/www.mango.org\/es\/wp-json\/wp\/v2\/media\/60574"}],"wp:attachment":[{"href":"https:\/\/www.mango.org\/es\/wp-json\/wp\/v2\/media?parent=43757"}],"curies":[{"name":"wp","href":"https:\/\/api.w.org\/{rel}","templated":true}]}}